{"id":101,"date":"2013-02-26T13:41:04","date_gmt":"2013-02-26T12:41:04","guid":{"rendered":"http:\/\/www.gfo.ch\/wp2016\/?page_id=101"},"modified":"2017-06-08T08:33:34","modified_gmt":"2017-06-08T06:33:34","slug":"caroline-schupbach-bronnimann","status":"publish","type":"page","link":"https:\/\/www.gfo.ch\/fr\/uber-uns\/team\/beratung\/caroline-schupbach-bronnimann\/","title":{"rendered":"Caroline Sch\u00fcpbach-Br\u00f6nnimann"},"content":{"rendered":"<h2>Conseil<\/h2>\n<p><img loading=\"lazy\" decoding=\"async\" class=\"alignnone size-full wp-image-419\" src=\"http:\/\/www.gfo.ch\/wp2016\/wp-content\/uploads\/2013\/02\/caroline-schuepbach-broennimann1.jpg\" alt=\"caroline-schuepbach-broennimann\" width=\"300\" height=\"200\" srcset=\"https:\/\/gfo.ch\/wp-content\/uploads\/2013\/02\/caroline-schuepbach-broennimann1.jpg 300w, https:\/\/gfo.ch\/wp-content\/uploads\/2013\/02\/caroline-schuepbach-broennimann1-140x93.jpg 140w\" sizes=\"(max-width: 300px) 100vw, 300px\" \/><\/p>\n<h3>CAROLINE SCH\u00dcPBACH-BR\u00d6NNIMANN,<br \/>\nDr. rer. oec.<\/h3>\n<h4>Formation<\/h4>\n<ul>\n<li>Etudes d\u2019\u00e9conomie d\u2019entreprise, de psychologie du travail et d\u2019organisation ainsi que de politologie \u00e0 l\u2019Universit\u00e9 de Berne<\/li>\n<li>Etudes de doctorat et promotion au titre de Dr. rer. oec. \u00e0 l\u2019Universit\u00e9 de Berne (Institut d&rsquo;Organisation et du Personnel, Prof. Dr. Dr. h. c. mult. Norbert Thom). Th\u00e8me de la th\u00e8se du doctorat: Facteurs d\u2019influence de l\u2019impl\u00e9mentation de la r\u00e9mun\u00e9ration au m\u00e9rite. Titre original:\u00a0<strong><a href=\"http:\/\/www.buchhandel.de\/WebApi1\/titelsuche.asp?caller=92877&amp;func=DirectIsbnSearch&amp;isbn=9783866184343\" target=\"_blank\">\u00ab\u00a0Einflussfaktoren der Implementierung und die Kunst ihrer Ber\u00fccksichtigung. Eine qualitative Studie zur leistungsorientierten Entlohnung in \u00f6ffentlichen Verwaltungen der Schweiz\u00a0\u00bb<\/a><\/strong><\/li>\n<\/ul>\n<h4>Parcours professionnel<\/h4>\n<ul>\n<li>Collaboratrice en controlling du personnel dans un institut financier international<\/li>\n<li>Formatrice et cheffe de projet dans le domaine du d\u00e9veloppement du personnel dans un institut financier international<\/li>\n<li>Directrice des ressources humaines dans une grande entreprise internationale de produits de mode<\/li>\n<li>Directrice des ressources humaines dans un service administratif public d\u2019une agglom\u00e9ration urbaine suisse<\/li>\n<li>Collaboratrice scientifique de l\u2019Institut d&rsquo;Organisation et du Personnel de l\u2019Universit\u00e9 de Berne<\/li>\n<li>Conseill\u00e8re ind\u00e9pendante et collaboratrice scientifique pour la soci\u00e9t\u00e9 GFO depuis 2009<\/li>\n<\/ul>\n<div class=\"blauerkasten\">\n<h4>Domaines d\u2019expertise<\/h4>\n<ul>\n<li>New Public Management (NPM), gestion de changements, impl\u00e9mentation de la r\u00e9mun\u00e9ration au m\u00e9rite, d\u00e9veloppement de l\u2019organisation et du personnel, gestion des ressources humaines, direction du personnel<\/li>\n<\/ul>\n<\/div>\n<h4>Engagements suppl\u00e9mentaires<\/h4>\n<ul>\n<li>Experte en charge des examens du dipl\u00f4me f\u00e9d\u00e9ral \u00ab\u00a0Responsable en ressources humaines\u00a0\u00bb<\/li>\n<li>Experte en charge des examens de maturit\u00e9 gymnasiale (\u00e9preuves \u00e9crites et orales) en \u00e9conomie et droit<\/li>\n<li>Charg\u00e9e de cours des hautes \u00e9coles sp\u00e9cialis\u00e9es et d&rsquo;une \u00e9cole professionnelle sup\u00e9rieure en gestion des ressources humaines et en gestion de changements<\/li>\n<\/ul>\n<h4>Contact<\/h4>\n<p><a href=\"mailto:csb@gfo.ch\">E-Mail<\/a><br \/>\nT\u00e9l. +41 44 365 99 00","protected":false},"excerpt":{"rendered":"<p>Conseil CAROLINE SCH\u00dcPBACH-BR\u00d6NNIMANN, Dr. rer. oec. Formation Etudes d\u2019\u00e9conomie d\u2019entreprise, de psychologie du travail et d\u2019organisation ainsi que de politologie \u00e0 l\u2019Universit\u00e9 de Berne Etudes de doctorat et promotion au titre de Dr. rer. oec. \u00e0 l\u2019Universit\u00e9 de Berne (Institut &hellip; <a class=\"mehr\">&rarr; mehr<\/a><\/p>\n","protected":false},"author":3,"featured_media":170,"parent":85,"menu_order":5,"comment_status":"open","ping_status":"open","template":"page-no-title.php","meta":{"footnotes":""},"tags":[],"acf":[],"_links":{"self":[{"href":"https:\/\/www.gfo.ch\/fr\/wp-json\/wp\/v2\/pages\/101"}],"collection":[{"href":"https:\/\/www.gfo.ch\/fr\/wp-json\/wp\/v2\/pages"}],"about":[{"href":"https:\/\/www.gfo.ch\/fr\/wp-json\/wp\/v2\/types\/page"}],"author":[{"embeddable":true,"href":"https:\/\/www.gfo.ch\/fr\/wp-json\/wp\/v2\/users\/3"}],"replies":[{"embeddable":true,"href":"https:\/\/www.gfo.ch\/fr\/wp-json\/wp\/v2\/comments?post=101"}],"version-history":[{"count":11,"href":"https:\/\/www.gfo.ch\/fr\/wp-json\/wp\/v2\/pages\/101\/revisions"}],"predecessor-version":[{"id":1692,"href":"https:\/\/www.gfo.ch\/fr\/wp-json\/wp\/v2\/pages\/101\/revisions\/1692"}],"up":[{"embeddable":true,"href":"https:\/\/www.gfo.ch\/fr\/wp-json\/wp\/v2\/pages\/85"}],"wp:featuredmedia":[{"embeddable":true,"href":"https:\/\/www.gfo.ch\/fr\/wp-json\/wp\/v2\/media\/170"}],"wp:attachment":[{"href":"https:\/\/www.gfo.ch\/fr\/wp-json\/wp\/v2\/media?parent=101"}],"wp:term":[{"taxonomy":"post_tag","embeddable":true,"href":"https:\/\/www.gfo.ch\/fr\/wp-json\/wp\/v2\/tags?post=101"}],"curies":[{"name":"wp","href":"https:\/\/api.w.org\/{rel}","templated":true}]}}