{"id":103,"date":"2013-02-26T13:41:25","date_gmt":"2013-02-26T12:41:25","guid":{"rendered":"http:\/\/www.gfo.ch\/wp2016\/?page_id=103"},"modified":"2017-06-08T08:34:16","modified_gmt":"2017-06-08T06:34:16","slug":"norbert-studer","status":"publish","type":"page","link":"https:\/\/www.gfo.ch\/fr\/uber-uns\/team\/beratung\/norbert-studer\/","title":{"rendered":"Norbert Studer"},"content":{"rendered":"<h2>CONSEIL<\/h2>\n<p><img loading=\"lazy\" decoding=\"async\" class=\"alignnone size-full wp-image-421\" src=\"http:\/\/www.gfo.ch\/wp2016\/wp-content\/uploads\/2013\/02\/norbert-studer.jpg\" alt=\"norbert-studer\" width=\"300\" height=\"200\" srcset=\"https:\/\/gfo.ch\/wp-content\/uploads\/2013\/02\/norbert-studer.jpg 300w, https:\/\/gfo.ch\/wp-content\/uploads\/2013\/02\/norbert-studer-140x93.jpg 140w\" sizes=\"(max-width: 300px) 100vw, 300px\" \/><\/p>\n<h3>NORBERT STUDER,<br \/>\nIng\u00e9nieur HES<\/h3>\n<h4>Formation<\/h4>\n<ul>\n<li>Ing\u00e9nieur HES<\/li>\n<li>Responsable RH SKP<\/li>\n<\/ul>\n<h4>Parcours professionnel<\/h4>\n<ul>\n<li>Responsable syst\u00e8me de r\u00e9mun\u00e9ration dans une entreprise multinationale du domaine de la machine-outil<\/li>\n<li>Pour un leader mondial dans le domaine des \u00e9quipements de cuisine et pour la gastronomie, des machines \u00e0 caf\u00e9 et des containers pour boissons, en tant que:<br \/>\n&#8211; Directeur RH est services internes au si\u00e8ge principal suisse<br \/>\n&#8211; Directeur des services de management pour les soci\u00e9t\u00e9s suisses<\/li>\n<li>Consultant ind\u00e9pendant pour la soci\u00e9t\u00e9 GFO depuis 2000<\/li>\n<\/ul>\n<div class=\"blauerkasten\">\n<h4>Domaines d\u2019expertise<\/h4>\n<ul>\n<li>Concepts de Human Capital Management<\/li>\n<li>Concepts de r\u00e9mun\u00e9ration (salaires et bonus)<\/li>\n<li>Formation de cadres<\/li>\n<li>Bilingue fran\u00e7ais-allemand<\/li>\n<\/ul>\n<\/div>\n<h4>Engagements<\/h4>\n<ul>\n<li>Expert pour les examens du brevet f\u00e9d\u00e9ral de sp\u00e9cialiste en gestion du personnel<\/li>\n<li>Charg\u00e9 de cours pour le brevet f\u00e9d\u00e9ral de sp\u00e9cialiste en gestion du personnel<\/li>\n<\/ul>\n<h4>Contact<\/h4>\n<p><a href=\"mailto:n.studer@gfo.ch\">E-Mail<\/a><br \/>\nT\u00e9l. +41 44 365 99 36","protected":false},"excerpt":{"rendered":"<p>CONSEIL NORBERT STUDER, Ing\u00e9nieur HES Formation Ing\u00e9nieur HES Responsable RH SKP Parcours professionnel Responsable syst\u00e8me de r\u00e9mun\u00e9ration dans une entreprise multinationale du domaine de la machine-outil Pour un leader mondial dans le domaine des \u00e9quipements de cuisine et pour la &hellip; <a class=\"mehr\">&rarr; mehr<\/a><\/p>\n","protected":false},"author":3,"featured_media":170,"parent":85,"menu_order":6,"comment_status":"open","ping_status":"open","template":"page-no-title.php","meta":{"footnotes":""},"tags":[],"acf":[],"_links":{"self":[{"href":"https:\/\/www.gfo.ch\/fr\/wp-json\/wp\/v2\/pages\/103"}],"collection":[{"href":"https:\/\/www.gfo.ch\/fr\/wp-json\/wp\/v2\/pages"}],"about":[{"href":"https:\/\/www.gfo.ch\/fr\/wp-json\/wp\/v2\/types\/page"}],"author":[{"embeddable":true,"href":"https:\/\/www.gfo.ch\/fr\/wp-json\/wp\/v2\/users\/3"}],"replies":[{"embeddable":true,"href":"https:\/\/www.gfo.ch\/fr\/wp-json\/wp\/v2\/comments?post=103"}],"version-history":[{"count":13,"href":"https:\/\/www.gfo.ch\/fr\/wp-json\/wp\/v2\/pages\/103\/revisions"}],"predecessor-version":[{"id":1693,"href":"https:\/\/www.gfo.ch\/fr\/wp-json\/wp\/v2\/pages\/103\/revisions\/1693"}],"up":[{"embeddable":true,"href":"https:\/\/www.gfo.ch\/fr\/wp-json\/wp\/v2\/pages\/85"}],"wp:featuredmedia":[{"embeddable":true,"href":"https:\/\/www.gfo.ch\/fr\/wp-json\/wp\/v2\/media\/170"}],"wp:attachment":[{"href":"https:\/\/www.gfo.ch\/fr\/wp-json\/wp\/v2\/media?parent=103"}],"wp:term":[{"taxonomy":"post_tag","embeddable":true,"href":"https:\/\/www.gfo.ch\/fr\/wp-json\/wp\/v2\/tags?post=103"}],"curies":[{"name":"wp","href":"https:\/\/api.w.org\/{rel}","templated":true}]}}