{"id":15,"date":"2013-02-26T14:26:43","date_gmt":"2013-02-26T12:26:43","guid":{"rendered":"http:\/\/www.gfo.ch\/wp2016\/?page_id=15"},"modified":"2014-07-02T09:14:40","modified_gmt":"2014-07-02T07:14:40","slug":"software","status":"publish","type":"page","link":"https:\/\/www.gfo.ch\/fr\/software\/","title":{"rendered":"Solutions IT"},"content":{"rendered":"<p>Les exigences envers les solutions informatiques dans le domaine de la r\u00e9mun\u00e9ration &#8211; le besoin d\u2019int\u00e9gration compl\u00e8te dans la gestion des ressources humaines en particulier &#8211; ont fortement \u00e9volu\u00e9 au cours de ces derni\u00e8res ann\u00e9es. Aujourd\u2019hui d\u00e9j\u00e0 &#8211; et encore plus \u00e0 l&rsquo;avenir &#8211; les entreprises souhaitent int\u00e9grer, en plus des activit\u00e9s li\u00e9es \u00e0 la r\u00e9mun\u00e9ration, toutes les activit\u00e9s de la gestion des ressources humaines dans un processus global. Le workflow r\u00e9sultant est le suivant :<\/p>\n<p><a href=\"http:\/\/www.gfo.ch\/wp2016\/wp-content\/uploads\/2013\/02\/processus_global.jpg\" rel=\"lightbox[15]\"><img loading=\"lazy\" decoding=\"async\" class=\"alignleft size-thumbnail wp-image-901\" title=\"Processus global\" alt=\"processus global\" src=\"http:\/\/www.gfo.ch\/wp2016\/wp-content\/uploads\/2013\/02\/processus_global-120x79.jpg\" width=\"120\" height=\"79\" srcset=\"https:\/\/gfo.ch\/wp-content\/uploads\/2013\/02\/processus_global-120x79.jpg 120w, https:\/\/gfo.ch\/wp-content\/uploads\/2013\/02\/processus_global-494x329.jpg 494w, https:\/\/gfo.ch\/wp-content\/uploads\/2013\/02\/processus_global-150x99.jpg 150w, https:\/\/gfo.ch\/wp-content\/uploads\/2013\/02\/processus_global.jpg 800w\" sizes=\"(max-width: 120px) 100vw, 120px\" \/><\/a>Une solution informatique permettant de g\u00e9rer l\u2019ensemble du processus s\u2019av\u00e8re \u00eatre un d\u00e9fi dans la pratique. En fonction de l\u2019\u00e9tape du processus, d\u2019une part les utilisateurs ne sont pas toujours les m\u00eames et d\u2019autre part les donn\u00e9es \u00e0 exploiter ont un caract\u00e8re tr\u00e8s diff\u00e9rent. Au cours de ce processus, des donn\u00e9es personnelles sont trait\u00e9es. Les applications doivent donc \u00e9galement offrir une protection des donn\u00e9es suffisantes.<\/p>\n<p><a href=\"http:\/\/www.gfo.ch\/wp2016\/wp-content\/uploads\/2013\/02\/solutions-it-02.jpg\" rel=\"lightbox[15]\"><img loading=\"lazy\" decoding=\"async\" class=\"alignleft size-thumbnail wp-image-902\" title=\"Exigences d'une solution informatique\" alt=\"Exigences d'une solution informatique\" src=\"http:\/\/www.gfo.ch\/wp2016\/wp-content\/uploads\/2013\/02\/solutions-it-02-120x79.jpg\" width=\"120\" height=\"79\" srcset=\"https:\/\/gfo.ch\/wp-content\/uploads\/2013\/02\/solutions-it-02-120x79.jpg 120w, https:\/\/gfo.ch\/wp-content\/uploads\/2013\/02\/solutions-it-02-494x329.jpg 494w, https:\/\/gfo.ch\/wp-content\/uploads\/2013\/02\/solutions-it-02-150x99.jpg 150w, https:\/\/gfo.ch\/wp-content\/uploads\/2013\/02\/solutions-it-02.jpg 800w\" sizes=\"(max-width: 120px) 100vw, 120px\" \/><\/a>Le graphique ci-contre repr\u00e9sente la complexit\u00e9 des exigences pour l\u2019\u00e9valuation d\u2019une solution informatique globale:<br \/>\nAlors que les sp\u00e9cialistes des ressources humaines peuvent s\u2019appuyer sur leurs connaissances pointues, les utilisateurs finaux souhaitent b\u00e9n\u00e9ficier d\u2019une utilisation rapide et accessible des instruments RH. Cette s\u00e9paration des r\u00f4les est maintenue par les utilisations diff\u00e9rentes des solutions informatiques. Ainsi, d\u2019une part l\u2019efficience dans le traitement central des donn\u00e9es RH est augment\u00e9e et d\u2019autre part la qualit\u00e9 dans l\u2019application d\u00e9centralis\u00e9e augmente consid\u00e9rablement.<\/p>\n<p>Nos outils informatiques sur mesure soutiennent efficacement la gestion de vos ressources humaines et offrent ce traitement efficient :<\/p>\n<ul>\n<li>dans le domaine de l\u2019\u00e9valuation des fonctions, avec <a title=\"Funktionsmanager\" href=\"http:\/\/www.gfo.ch\/fr\/software\/funktionsmanager\">PROFIL MANAGER<\/a><\/li>\n<li>dans le domaine de l\u2019appr\u00e9ciation des prestations, avec <a title=\"Personal Performance Manager PPM\" href=\"http:\/\/www.gfo.ch\/fr\/software\/personal-performance-manager-ppm\">PERSONAL PERFORMANCE MANAGER<\/a><\/li>\n<li>dans le domaine de l\u2019appr\u00e9ciation des r\u00e9sultats, avec <a title=\"Bonus Manager\" href=\"http:\/\/www.gfo.ch\/fr\/software\/bonus-manager\">BONUS MANAGER<\/a><\/li>\n<li>dans le domaine du pilotage des salaires, avec <a title=\"Salarys\" href=\"http:\/\/www.gfo.ch\/fr\/software\/salarys\">SALARYS<\/a><\/li>\n<\/ul>\n<p><\/p>","protected":false},"excerpt":{"rendered":"<p>Les exigences envers les solutions informatiques dans le domaine de la r\u00e9mun\u00e9ration &#8211; le besoin d\u2019int\u00e9gration compl\u00e8te dans la gestion des ressources humaines en particulier &#8211; ont fortement \u00e9volu\u00e9 au cours de ces derni\u00e8res ann\u00e9es. Aujourd\u2019hui d\u00e9j\u00e0 &#8211; et encore &hellip; <a class=\"mehr\">&rarr; mehr<\/a><\/p>\n","protected":false},"author":3,"featured_media":185,"parent":0,"menu_order":5,"comment_status":"open","ping_status":"open","template":"","meta":{"footnotes":""},"tags":[],"acf":[],"_links":{"self":[{"href":"https:\/\/www.gfo.ch\/fr\/wp-json\/wp\/v2\/pages\/15"}],"collection":[{"href":"https:\/\/www.gfo.ch\/fr\/wp-json\/wp\/v2\/pages"}],"about":[{"href":"https:\/\/www.gfo.ch\/fr\/wp-json\/wp\/v2\/types\/page"}],"author":[{"embeddable":true,"href":"https:\/\/www.gfo.ch\/fr\/wp-json\/wp\/v2\/users\/3"}],"replies":[{"embeddable":true,"href":"https:\/\/www.gfo.ch\/fr\/wp-json\/wp\/v2\/comments?post=15"}],"version-history":[{"count":18,"href":"https:\/\/www.gfo.ch\/fr\/wp-json\/wp\/v2\/pages\/15\/revisions"}],"predecessor-version":[{"id":1325,"href":"https:\/\/www.gfo.ch\/fr\/wp-json\/wp\/v2\/pages\/15\/revisions\/1325"}],"wp:featuredmedia":[{"embeddable":true,"href":"https:\/\/www.gfo.ch\/fr\/wp-json\/wp\/v2\/media\/185"}],"wp:attachment":[{"href":"https:\/\/www.gfo.ch\/fr\/wp-json\/wp\/v2\/media?parent=15"}],"wp:term":[{"taxonomy":"post_tag","embeddable":true,"href":"https:\/\/www.gfo.ch\/fr\/wp-json\/wp\/v2\/tags?post=15"}],"curies":[{"name":"wp","href":"https:\/\/api.w.org\/{rel}","templated":true}]}}