{"id":21,"date":"2013-02-26T14:27:31","date_gmt":"2013-02-26T12:27:31","guid":{"rendered":"http:\/\/www.gfo.ch\/wp2016\/?page_id=21"},"modified":"2014-03-28T16:22:36","modified_gmt":"2014-03-28T15:22:36","slug":"beratungsphilosophie","status":"publish","type":"page","link":"https:\/\/www.gfo.ch\/fr\/uber-uns\/beratungsphilosophie\/","title":{"rendered":"Philosophie"},"content":{"rendered":"<p><\/p>\n<h4><strong>Solutions sur mesure<\/strong><\/h4>\n<p>Nous vous offrons des solutions individualis\u00e9es, adpat\u00e9es aux sp\u00e9cificit\u00e9s de votre entreprise. Elles se reposent\u00a0sur notre concept de base\u00a0qui a fait ses preuves, car\u00a0appliqu\u00e9 \u00e0 de nombreuses reprises avec succ\u00e8s. De plus, diff\u00e9rents processus peuvent \u00eatre appuy\u00e9s et simplifi\u00e9s par la mise en \u0153uvre de solutions informatiques sur mesure.<\/p>\n<h4><strong>Accompagnement professionnel des projets et des processus<\/strong><\/h4>\n<p>Nous vous accompagnons dans la conception et la mise en \u0153uvre de vos projets et processus. Pour ce faire, nous prenons en consid\u00e9ration la strat\u00e9gie, la structure et la culture de votre organisation, et nous incluons l\u2019ensemble des partenaires dans le processus. De cette mani\u00e8re, nous garantissons une plus grande acceptation et faisons des personnes concern\u00e9es des acteurs de processus.<\/p>\n<h4><strong>Prise en compte des connaissances scientifiques et de la pratique<\/strong><\/h4>\n<p>Nous tenons compte des connaissances internationales dans le domaine des ressources humaines, ainsi que des connaissances scientifiques, en coop\u00e9ration avec des hautes \u00e9coles et hautes \u00e9coles sp\u00e9cialis\u00e9es suisses. L\u2019exp\u00e9rience de nos partenaires dans des fonctions de management RH vous garantit une faisabilit\u00e9 de nos concepts et leur r\u00e9alisation dans la pratique.<\/p>","protected":false},"excerpt":{"rendered":"<p>Solutions sur mesure Nous vous offrons des solutions individualis\u00e9es, adpat\u00e9es aux sp\u00e9cificit\u00e9s de votre entreprise. Elles se reposent\u00a0sur notre concept de base\u00a0qui a fait ses preuves, car\u00a0appliqu\u00e9 \u00e0 de nombreuses reprises avec succ\u00e8s. De plus, diff\u00e9rents processus peuvent \u00eatre appuy\u00e9s &hellip; <a class=\"mehr\">&rarr; mehr<\/a><\/p>\n","protected":false},"author":3,"featured_media":170,"parent":7,"menu_order":1,"comment_status":"open","ping_status":"open","template":"","meta":{"footnotes":""},"tags":[],"acf":[],"_links":{"self":[{"href":"https:\/\/www.gfo.ch\/fr\/wp-json\/wp\/v2\/pages\/21"}],"collection":[{"href":"https:\/\/www.gfo.ch\/fr\/wp-json\/wp\/v2\/pages"}],"about":[{"href":"https:\/\/www.gfo.ch\/fr\/wp-json\/wp\/v2\/types\/page"}],"author":[{"embeddable":true,"href":"https:\/\/www.gfo.ch\/fr\/wp-json\/wp\/v2\/users\/3"}],"replies":[{"embeddable":true,"href":"https:\/\/www.gfo.ch\/fr\/wp-json\/wp\/v2\/comments?post=21"}],"version-history":[{"count":13,"href":"https:\/\/www.gfo.ch\/fr\/wp-json\/wp\/v2\/pages\/21\/revisions"}],"predecessor-version":[{"id":1252,"href":"https:\/\/www.gfo.ch\/fr\/wp-json\/wp\/v2\/pages\/21\/revisions\/1252"}],"up":[{"embeddable":true,"href":"https:\/\/www.gfo.ch\/fr\/wp-json\/wp\/v2\/pages\/7"}],"wp:featuredmedia":[{"embeddable":true,"href":"https:\/\/www.gfo.ch\/fr\/wp-json\/wp\/v2\/media\/170"}],"wp:attachment":[{"href":"https:\/\/www.gfo.ch\/fr\/wp-json\/wp\/v2\/media?parent=21"}],"wp:term":[{"taxonomy":"post_tag","embeddable":true,"href":"https:\/\/www.gfo.ch\/fr\/wp-json\/wp\/v2\/tags?post=21"}],"curies":[{"name":"wp","href":"https:\/\/api.w.org\/{rel}","templated":true}]}}