{"id":25,"date":"2013-02-26T14:27:54","date_gmt":"2013-02-26T12:27:54","guid":{"rendered":"http:\/\/www.gfo.ch\/wp2016\/?page_id=25"},"modified":"2021-03-18T08:56:07","modified_gmt":"2021-03-18T07:56:07","slug":"netzwerk","status":"publish","type":"page","link":"https:\/\/www.gfo.ch\/fr\/uber-uns\/netzwerk\/","title":{"rendered":"R\u00e9seau"},"content":{"rendered":"<h3>J.M. Kobi &amp; Partner, St\u00e4fa<\/h3>\n<p>symbolise \u00ab\u00a0People Value\u00a0\u00bb et Excellence dans les domaines suivants:<\/p>\n<ul>\n<li>Human Resources Management<\/li>\n<li>\n<div class=\"translated_text\">Risques et controlling RH<\/div>\n<\/li>\n<li>Change Management et culture d&rsquo;entreprise<\/li>\n<\/ul>\n<p><a href=\"http:\/\/www.kobipartner.ch\" target=\"_blank\">www.kobipartner.ch<\/a><\/p>\n<hr \/>\n<h3>Management Weiterbildung BWI AG, Z\u00fcrich<\/h3>\n<ul>\n<li>transmet ces savoir-faire dans le domaine de la gestion<\/li>\n<li>des nouvelles connaissances en management<\/li>\n<\/ul>\n<p><a href=\"http:\/\/www.bwi.ch\" target=\"_blank\">www.bwi.ch<\/a><\/p>\n<hr \/>\n<h3>Synus Informatik AG, Oberentfelden<\/h3>\n<p>Votre partenaire pour la digitalisation des processus RH dans le WEB<\/p>\n<ul>\nDu processus de sortie jusqu\u2019\u00e0 la convention d\u2019objectifs<\/p>\n<ul>\n<li>Processus de sortie<\/li>\n<li>Processus d\u2019entr\u00e9<\/li>\n<li>Processus d\u2019octroi d\u2019autorisations<\/li>\n<li>Adaptation des salaires\/bonus respectivement ronde salariales<\/li>\n<li>Appr\u00e9ciation du temps d\u2019essai<\/li>\n<li>D\u00e9veloppement du personnnel<\/li>\n<li>Appr\u00e9ciation des performances\/comp\u00e9tences et convention d\u2019objectifs (MbO)<\/li>\n<li>Etc.<\/li>\n<\/ul>\n<p><a href=\"http:\/\/www.synus.ch\" target=\"_blank\">www.synus.ch<\/a><\/p>\n<hr \/>\n<h3>CFS Consulting GmbH, Dornbirn AUT<\/h3>\n<p>conseille l&rsquo;entreprise dans le d\u00e9veloppement et la mise en route des syst\u00e8me de r\u00e9mun\u00e9ration taill\u00e9s sur mesure<\/p>\n<ul>\n<li>Comparaison des salaires<\/li>\n<li>Syst\u00e8me de r\u00e9mun\u00e9ration li\u00e9s \u00e0 la prestation<\/li>\n<li>Formation des cadres<\/li>\n<\/ul>\n<p><a href=\"http:\/\/www.cfs-consulting.at\" target=\"_blank\">www.cfs-consulting.at<\/a>","protected":false},"excerpt":{"rendered":"<p>J.M. Kobi &amp; Partner, St\u00e4fa symbolise \u00ab\u00a0People Value\u00a0\u00bb et Excellence dans les domaines suivants: Human Resources Management Risques et controlling RH Change Management et culture d&rsquo;entreprise www.kobipartner.ch Management Weiterbildung BWI AG, Z\u00fcrich transmet ces savoir-faire dans le domaine de la &hellip; <a class=\"mehr\">&rarr; mehr<\/a><\/p>\n","protected":false},"author":3,"featured_media":170,"parent":7,"menu_order":3,"comment_status":"open","ping_status":"open","template":"","meta":{"footnotes":""},"tags":[],"acf":[],"_links":{"self":[{"href":"https:\/\/www.gfo.ch\/fr\/wp-json\/wp\/v2\/pages\/25"}],"collection":[{"href":"https:\/\/www.gfo.ch\/fr\/wp-json\/wp\/v2\/pages"}],"about":[{"href":"https:\/\/www.gfo.ch\/fr\/wp-json\/wp\/v2\/types\/page"}],"author":[{"embeddable":true,"href":"https:\/\/www.gfo.ch\/fr\/wp-json\/wp\/v2\/users\/3"}],"replies":[{"embeddable":true,"href":"https:\/\/www.gfo.ch\/fr\/wp-json\/wp\/v2\/comments?post=25"}],"version-history":[{"count":47,"href":"https:\/\/www.gfo.ch\/fr\/wp-json\/wp\/v2\/pages\/25\/revisions"}],"predecessor-version":[{"id":1729,"href":"https:\/\/www.gfo.ch\/fr\/wp-json\/wp\/v2\/pages\/25\/revisions\/1729"}],"up":[{"embeddable":true,"href":"https:\/\/www.gfo.ch\/fr\/wp-json\/wp\/v2\/pages\/7"}],"wp:featuredmedia":[{"embeddable":true,"href":"https:\/\/www.gfo.ch\/fr\/wp-json\/wp\/v2\/media\/170"}],"wp:attachment":[{"href":"https:\/\/www.gfo.ch\/fr\/wp-json\/wp\/v2\/media?parent=25"}],"wp:term":[{"taxonomy":"post_tag","embeddable":true,"href":"https:\/\/www.gfo.ch\/fr\/wp-json\/wp\/v2\/tags?post=25"}],"curies":[{"name":"wp","href":"https:\/\/api.w.org\/{rel}","templated":true}]}}