{"id":27,"date":"2013-02-26T14:28:12","date_gmt":"2013-02-26T12:28:12","guid":{"rendered":"http:\/\/www.gfo.ch\/wp2016\/?page_id=27"},"modified":"2016-02-15T14:14:16","modified_gmt":"2016-02-15T13:14:16","slug":"kompetenzmanagement","status":"publish","type":"page","link":"https:\/\/www.gfo.ch\/fr\/beratungspalette\/kompetenzmanagement\/","title":{"rendered":"Gestion des comp\u00e9tences"},"content":{"rendered":"<p><div class=\"blauerkasten\">\n<h4>Notre comp\u00e9tence cl\u00e9<\/h4>\n<p>Depuis de nombreuses ann\u00e9es, nous avons assist\u00e9 nos clients \u00e0 concevoir et introduire un mod\u00e8le int\u00e9gr\u00e9 des comp\u00e9tences, nos clients \u00e9tant des entreprises et des organisations de toutes branches et de toute taille.<\/p>\n<\/div>\n<p>Nous construisons avec vous un <strong><a href=\"http:\/\/www.gfo.ch\/fr\/beratungspalette\/kompetenzmanagement\/kompetenzmodell\">mod\u00e8le int\u00e9gr\u00e9 des comp\u00e9tences<\/a><\/strong>\u00a0qui rend la gestion RH plus efficace et qui sert de base \u00e0 la <a href=\"http:\/\/www.gfo.ch\/fr\/beratungspalette\/kompetenzmanagement\/integriertes-personalmanagement\"><b>gestion RH int\u00e9gr\u00e9e<\/b><\/a><i><\/i>:<\/p>\n<ul>\n<li>La <a href=\"http:\/\/www.gfo.ch\/fr\/beratungspalette\/gehaltskonzept\"><b>gestion de r\u00e9mun\u00e9ration<\/b><\/a> moderne (<a href=\"http:\/\/www.gfo.ch\/fr\/beratungspalette\/gehaltskonzept\/funktionsbewertung\">\u00e9valuation des fonctions<\/a>)<\/li>\n<li>Le <b><a href=\"http:\/\/www.gfo.ch\/fr\/beratungspalette\/kompetenzmanagement\/integriertes-personalmanagement\">recrutement <\/a><b><a href=\"http:\/\/www.gfo.ch\/wp2016\/fr\/beratungspalette\/kompetenzmanagement\/integriertes-personalmanagement\">cibl\u00e9<\/a>\u00a0du<\/b><a href=\"http:\/\/www.gfo.ch\/fr\/beratungspalette\/kompetenzmanagement\/integriertes-personalmanagement\">\u00a0personnel<\/a><\/b><\/li>\n<li>L\u2019<a href=\"http:\/\/www.gfo.ch\/fr\/beratungspalette\/gehaltskonzept\/leistungsbeurteilung\"><b>appr\u00e9ciation efficace des prestations<\/b><\/a><i><\/i><\/li>\n<li>Le <b>d\u00e9veloppement <b>durable\u00a0du<\/b>\u00a0personnel <\/b>\u00a0\/ <b>Talent Management<\/b><i> <\/i>et<\/li>\n<li>La <a href=\"http:\/\/www.gfo.ch\/fr\/beratungspalette\/human-capital-management\"><b>gestion du capital humain <\/b><\/a>ajoutant de la valeur \u00e0 l\u2019organisation<b> (Human Capital Leadership)<\/b><i><br \/>\n<\/i><\/li>\n<\/ul>\n<p>Une <b>approche int\u00e9gr\u00e9e de comp\u00e9tences<\/b> permet donc \u00e0 une organisation de recruter les personnes apportant les comp\u00e9tences cl\u00e9s, de les motiver et retenir, de faire appr\u00e9cier leurs prestations, d\u2019identifier et de d\u00e9velopper leur potentiel et de les r\u00e9mun\u00e9rer de mani\u00e8re \u00e9quitable.<\/p>","protected":false},"excerpt":{"rendered":"<p>Notre comp\u00e9tence cl\u00e9 Depuis de nombreuses ann\u00e9es, nous avons assist\u00e9 nos clients \u00e0 concevoir et introduire un mod\u00e8le int\u00e9gr\u00e9 des comp\u00e9tences, nos clients \u00e9tant des entreprises et des organisations de toutes branches et de toute taille. Nous construisons avec vous &hellip; <a class=\"mehr\">&rarr; mehr<\/a><\/p>\n","protected":false},"author":3,"featured_media":176,"parent":9,"menu_order":1,"comment_status":"open","ping_status":"open","template":"","meta":{"footnotes":""},"tags":[],"acf":[],"_links":{"self":[{"href":"https:\/\/www.gfo.ch\/fr\/wp-json\/wp\/v2\/pages\/27"}],"collection":[{"href":"https:\/\/www.gfo.ch\/fr\/wp-json\/wp\/v2\/pages"}],"about":[{"href":"https:\/\/www.gfo.ch\/fr\/wp-json\/wp\/v2\/types\/page"}],"author":[{"embeddable":true,"href":"https:\/\/www.gfo.ch\/fr\/wp-json\/wp\/v2\/users\/3"}],"replies":[{"embeddable":true,"href":"https:\/\/www.gfo.ch\/fr\/wp-json\/wp\/v2\/comments?post=27"}],"version-history":[{"count":22,"href":"https:\/\/www.gfo.ch\/fr\/wp-json\/wp\/v2\/pages\/27\/revisions"}],"predecessor-version":[{"id":1534,"href":"https:\/\/www.gfo.ch\/fr\/wp-json\/wp\/v2\/pages\/27\/revisions\/1534"}],"up":[{"embeddable":true,"href":"https:\/\/www.gfo.ch\/fr\/wp-json\/wp\/v2\/pages\/9"}],"wp:featuredmedia":[{"embeddable":true,"href":"https:\/\/www.gfo.ch\/fr\/wp-json\/wp\/v2\/media\/176"}],"wp:attachment":[{"href":"https:\/\/www.gfo.ch\/fr\/wp-json\/wp\/v2\/media?parent=27"}],"wp:term":[{"taxonomy":"post_tag","embeddable":true,"href":"https:\/\/www.gfo.ch\/fr\/wp-json\/wp\/v2\/tags?post=27"}],"curies":[{"name":"wp","href":"https:\/\/api.w.org\/{rel}","templated":true}]}}