{"id":33,"date":"2013-02-26T14:29:05","date_gmt":"2013-02-26T12:29:05","guid":{"rendered":"http:\/\/www.gfo.ch\/wp2016\/?page_id=33"},"modified":"2014-03-28T16:33:43","modified_gmt":"2014-03-28T15:33:43","slug":"gehaltsvergleich","status":"publish","type":"page","link":"https:\/\/www.gfo.ch\/fr\/beratungspalette\/gehaltsvergleich\/","title":{"rendered":"Comparaisons salariales \/ Benchmarks"},"content":{"rendered":"<p><div class=\"blauerkasten\">\n<div id=\"kernkompetenz\">\n<h4>Nos comp\u00e9tences cl\u00e9s<\/h4>\n<p>De la s\u00e9lection du march\u00e9 pertinent \u00e0 la r\u00e9partition correcte des branches et r\u00e9gions, nous vos proposons nos connaissances appronfondies et notre riche exp\u00e9rience dans la comparaison de fonctions sur la march\u00e9 suisse, bas\u00e9es sur des contenus v\u00e9ritablement homog\u00e8nes.<\/p>\n<p>Ainsi nous tenons compte, dans nos enqu\u00eates salariales, de tous les aspects pertinents pour vos besoins\u00a0:<\/p>\n<ul>\n<li>Comparabilit\u00e9 des fonctions<\/li>\n<li>Equit\u00e9 interne et externe des salaires<\/li>\n<li>Pr\u00e9paration adapt\u00e9e des informations pour le managment<\/li>\n<\/ul>\n<\/div>\n<\/div>\n<p>Afin de garantir des salaires en phase avec le march\u00e9, les branches d\u2019activit\u00e9s, le lieu d\u2019activit\u00e9 (les r\u00e9gions), ainsi que les groupes professionnels doivent \u00eatre pris en consid\u00e9ration. L\u2019entreprise tient compte de ces exigences dans la r\u00e9alisation des comparaisons. Celles-ci ne servent pas seulement au re\u00e9xamen ponctuel des salaires vers\u00e9s, mais \u00e9galement \u00e0 l\u2019\u00e9tablissement d\u2019un syst\u00e8me de r\u00e9mun\u00e9ration dans son ensemble.<\/p>\n<ol>\n<li>Les r\u00e9sultats des enqu\u00eates salariales (benchmark) permettent le d\u00e9veloppement de sa propre \u00e9chelle des salaires.<\/li>\n<li>Une fois l\u2019\u00e9chelle \u00e9tablie, ses niveaux et sa courbe doivent \u00eatre test\u00e9s p\u00e9riodiquement. A l\u2019aide des comparaisons, les salaires \u00ab\u00a0hors du march\u00e9\u00a0\u00bb peuvent \u00eatre identifi\u00e9s. Ces situations peuvent \u00eatre compens\u00e9es par des indemnit\u00e9s temporaires de march\u00e9.<\/li>\n<\/ol>\n<p><a href=\"http:\/\/www.gfo.ch\/wp2016\/wp-content\/uploads\/2013\/02\/grille-des-fonctions-et-echelle-des-salaires.jpg\" rel=\"lightbox[33]\"><img loading=\"lazy\" decoding=\"async\" class=\"alignleft size-thumbnail wp-image-1050\" title=\"grille des fonctions et echelle des salaires\" alt=\"grille des fonctions et echelle des salaires\" src=\"http:\/\/www.gfo.ch\/wp2016\/wp-content\/uploads\/2013\/02\/grille-des-fonctions-et-echelle-des-salaires-120x79.jpg\" width=\"120\" height=\"79\" srcset=\"https:\/\/gfo.ch\/wp-content\/uploads\/2013\/02\/grille-des-fonctions-et-echelle-des-salaires-120x79.jpg 120w, https:\/\/gfo.ch\/wp-content\/uploads\/2013\/02\/grille-des-fonctions-et-echelle-des-salaires-494x329.jpg 494w, https:\/\/gfo.ch\/wp-content\/uploads\/2013\/02\/grille-des-fonctions-et-echelle-des-salaires-150x99.jpg 150w, https:\/\/gfo.ch\/wp-content\/uploads\/2013\/02\/grille-des-fonctions-et-echelle-des-salaires.jpg 800w\" sizes=\"(max-width: 120px) 100vw, 120px\" \/><\/a>D\u00e8s lors qu\u2019une entreprise dispose d\u2019une structure de fonctions coh\u00e9rente, une \u00e9chelle des salaires qui lui est propre, correspondant au nombre de niveaux d\u2019exigence des fonctions, peut \u00eatre \u00e9tablie. Ind\u00e9pendamment de leur contenu concret, les fonctions dont les niveaux d\u2019exigences sont \u00e9quivalents (fonctions de m\u00eame valeur), seront colloqu\u00e9es dans le m\u00eame spectre salarial.<\/p>\n<p>Cette correspondance entre un niveau d\u2019exigence et un spectre salarial doit r\u00e9pondre au principe constitutionnel\u00a0\u00ab\u00a0A travail de valeur \u00e9gale, salaire \u00e9gal\u00a0\u00bb (art. 8 CF). Autrement dit, les fonctions dont le niveau d\u2019exigence est \u00e9quivalent doivent correspondre au m\u00eame spectre salarial.<\/p>\n<p><a href=\"http:\/\/www.gfo.ch\/wp2016\/wp-content\/uploads\/2013\/02\/courbes-salariale.jpg\" rel=\"lightbox[33]\"><img loading=\"lazy\" decoding=\"async\" class=\"alignleft size-thumbnail wp-image-1051\" title=\"courbes salariales et \u00e9chelle des salaires\" alt=\"courbes salariales et \u00e9chelle des salaires\" src=\"http:\/\/www.gfo.ch\/wp2016\/wp-content\/uploads\/2013\/02\/courbes-salariale-120x79.jpg\" width=\"120\" height=\"79\" srcset=\"https:\/\/gfo.ch\/wp-content\/uploads\/2013\/02\/courbes-salariale-120x79.jpg 120w, https:\/\/gfo.ch\/wp-content\/uploads\/2013\/02\/courbes-salariale-494x329.jpg 494w, https:\/\/gfo.ch\/wp-content\/uploads\/2013\/02\/courbes-salariale-150x99.jpg 150w, https:\/\/gfo.ch\/wp-content\/uploads\/2013\/02\/courbes-salariale.jpg 800w\" sizes=\"(max-width: 120px) 100vw, 120px\" \/><\/a>L\u2019\u00e9laboration d\u2019une \u00e9chelle des salaires est le fondement de la d\u00e9finition d\u2019une politique de r\u00e9mun\u00e9ration d\u2019une entreprise. Ainsi, l\u2019importance des comparaisons salariales va bien au-del\u00e0 d\u2019une simple confrontation des salaires du march\u00e9 et de l\u2019entreprise.<\/p>\n<div class=\"clear\"><\/div>\n<p><a href=\"http:\/\/www.gfo.ch\/wp2016\/wp-content\/uploads\/2013\/02\/identification-des-ecarts.jpg\" rel=\"lightbox[33]\"><img loading=\"lazy\" decoding=\"async\" class=\"alignleft size-thumbnail wp-image-1052\" title=\"identification des \u00e9carts\" alt=\"identification des \u00e9carts\" src=\"http:\/\/www.gfo.ch\/wp2016\/wp-content\/uploads\/2013\/02\/identification-des-ecarts-120x79.jpg\" width=\"120\" height=\"79\" srcset=\"https:\/\/gfo.ch\/wp-content\/uploads\/2013\/02\/identification-des-ecarts-120x79.jpg 120w, https:\/\/gfo.ch\/wp-content\/uploads\/2013\/02\/identification-des-ecarts-494x329.jpg 494w, https:\/\/gfo.ch\/wp-content\/uploads\/2013\/02\/identification-des-ecarts-150x99.jpg 150w, https:\/\/gfo.ch\/wp-content\/uploads\/2013\/02\/identification-des-ecarts.jpg 800w\" sizes=\"(max-width: 120px) 100vw, 120px\" \/><\/a>Une fois l\u2019\u00e9chelle \u00e9tablie, les salaires hors du march\u00e9 et l\u2019ampleur des \u00e9carts peuvent \u00eatre clairement identifi\u00e9s. Les mesures de corrections peuvent alors \u00eatre prises sur des bases solides.<\/p>\n<div class=\"clear\"><\/div>\n<h4>Elaboration de sa propre \u00e9chelle des salaires<\/h4>\n<p>Les six \u00e9tapes suivantes sont indiqu\u00e9es\u00a0:<\/p>\n<ol>\n<li>S\u00e9lection des entreprises consid\u00e9r\u00e9es pour l\u2019enqu\u00eate salariale<\/li>\n<li>D\u00e9termination des fonctions \u00e0 comparer<\/li>\n<li>Collecte des donn\u00e9es de comparaison<\/li>\n<li>Validation des donn\u00e9es de comparaison et projection dans la structure de l\u2019entreprise<\/li>\n<li>Comparaison de la courbe salariale de votre entreprise avec celles des organistations consid\u00e9r\u00e9es, respectivement avec les courbes aggr\u00e9g\u00e9es<\/li>\n<li>Cr\u00e9ation de votre propre \u00e9chelle<\/li>\n<\/ol>\n<p><\/p>","protected":false},"excerpt":{"rendered":"<p>Nos comp\u00e9tences cl\u00e9s De la s\u00e9lection du march\u00e9 pertinent \u00e0 la r\u00e9partition correcte des branches et r\u00e9gions, nous vos proposons nos connaissances appronfondies et notre riche exp\u00e9rience dans la comparaison de fonctions sur la march\u00e9 suisse, bas\u00e9es sur des contenus &hellip; <a class=\"mehr\">&rarr; mehr<\/a><\/p>\n","protected":false},"author":3,"featured_media":176,"parent":9,"menu_order":4,"comment_status":"open","ping_status":"open","template":"","meta":{"footnotes":""},"tags":[],"acf":[],"_links":{"self":[{"href":"https:\/\/www.gfo.ch\/fr\/wp-json\/wp\/v2\/pages\/33"}],"collection":[{"href":"https:\/\/www.gfo.ch\/fr\/wp-json\/wp\/v2\/pages"}],"about":[{"href":"https:\/\/www.gfo.ch\/fr\/wp-json\/wp\/v2\/types\/page"}],"author":[{"embeddable":true,"href":"https:\/\/www.gfo.ch\/fr\/wp-json\/wp\/v2\/users\/3"}],"replies":[{"embeddable":true,"href":"https:\/\/www.gfo.ch\/fr\/wp-json\/wp\/v2\/comments?post=33"}],"version-history":[{"count":13,"href":"https:\/\/www.gfo.ch\/fr\/wp-json\/wp\/v2\/pages\/33\/revisions"}],"predecessor-version":[{"id":1260,"href":"https:\/\/www.gfo.ch\/fr\/wp-json\/wp\/v2\/pages\/33\/revisions\/1260"}],"up":[{"embeddable":true,"href":"https:\/\/www.gfo.ch\/fr\/wp-json\/wp\/v2\/pages\/9"}],"wp:featuredmedia":[{"embeddable":true,"href":"https:\/\/www.gfo.ch\/fr\/wp-json\/wp\/v2\/media\/176"}],"wp:attachment":[{"href":"https:\/\/www.gfo.ch\/fr\/wp-json\/wp\/v2\/media?parent=33"}],"wp:term":[{"taxonomy":"post_tag","embeddable":true,"href":"https:\/\/www.gfo.ch\/fr\/wp-json\/wp\/v2\/tags?post=33"}],"curies":[{"name":"wp","href":"https:\/\/api.w.org\/{rel}","templated":true}]}}