{"id":331,"date":"2013-03-12T15:41:02","date_gmt":"2013-03-12T14:41:02","guid":{"rendered":"http:\/\/www.gfo.ch\/wp2016\/?page_id=331"},"modified":"2016-02-24T16:41:16","modified_gmt":"2016-02-24T15:41:16","slug":"fachliteratur","status":"publish","type":"page","link":"https:\/\/www.gfo.ch\/fr\/publikationen\/fachliteratur\/","title":{"rendered":"Litt\u00e9rature sp\u00e9cialis\u00e9e"},"content":{"rendered":"<strong>Les dossiers HRM peuvent \u00eatre command\u00e9s \u00e0 un prix de CHF 23 aupr\u00e8s de SPEKTRAmedia AG ,8047 Zurich, T\u00e9l. 043 311 01 80, ou en ligne chez HR Today.<\/strong>","protected":false},"excerpt":{"rendered":"<p>Les dossiers HRM peuvent \u00eatre command\u00e9s \u00e0 un prix de CHF 23 aupr\u00e8s de SPEKTRAmedia AG ,8047 Zurich, T\u00e9l. 043 311 01 80, ou en ligne chez HR Today.<\/p>\n","protected":false},"author":3,"featured_media":375,"parent":13,"menu_order":1,"comment_status":"open","ping_status":"open","template":"page-fachliteratur.php","meta":{"footnotes":""},"tags":[],"acf":[],"_links":{"self":[{"href":"https:\/\/www.gfo.ch\/fr\/wp-json\/wp\/v2\/pages\/331"}],"collection":[{"href":"https:\/\/www.gfo.ch\/fr\/wp-json\/wp\/v2\/pages"}],"about":[{"href":"https:\/\/www.gfo.ch\/fr\/wp-json\/wp\/v2\/types\/page"}],"author":[{"embeddable":true,"href":"https:\/\/www.gfo.ch\/fr\/wp-json\/wp\/v2\/users\/3"}],"replies":[{"embeddable":true,"href":"https:\/\/www.gfo.ch\/fr\/wp-json\/wp\/v2\/comments?post=331"}],"version-history":[{"count":13,"href":"https:\/\/www.gfo.ch\/fr\/wp-json\/wp\/v2\/pages\/331\/revisions"}],"predecessor-version":[{"id":1539,"href":"https:\/\/www.gfo.ch\/fr\/wp-json\/wp\/v2\/pages\/331\/revisions\/1539"}],"up":[{"embeddable":true,"href":"https:\/\/www.gfo.ch\/fr\/wp-json\/wp\/v2\/pages\/13"}],"wp:featuredmedia":[{"embeddable":true,"href":"https:\/\/www.gfo.ch\/fr\/wp-json\/wp\/v2\/media\/375"}],"wp:attachment":[{"href":"https:\/\/www.gfo.ch\/fr\/wp-json\/wp\/v2\/media?parent=331"}],"wp:term":[{"taxonomy":"post_tag","embeddable":true,"href":"https:\/\/www.gfo.ch\/fr\/wp-json\/wp\/v2\/tags?post=331"}],"curies":[{"name":"wp","href":"https:\/\/api.w.org\/{rel}","templated":true}]}}