{"id":333,"date":"2013-03-12T15:41:55","date_gmt":"2013-03-12T14:41:55","guid":{"rendered":"http:\/\/www.gfo.ch\/wp2016\/?page_id=333"},"modified":"2020-02-17T09:18:34","modified_gmt":"2020-02-17T08:18:34","slug":"fachartikel","status":"publish","type":"page","link":"https:\/\/www.gfo.ch\/fr\/publikationen\/fachartikel\/","title":{"rendered":"Articles sp\u00e9cialis\u00e9s"},"content":{"rendered":"HR-Today R\u00e9mun\u00e9ration li\u00e9e aux prestations: les avantages d&rsquo;un mod\u00e8le int\u00e9gr\u00e9.<br \/>\n<a href=\"http:\/\/www.gfo.ch\/wp2016\/wp-content\/uploads\/2013\/03\/HR_Today_ef.pdf\" target=\"_blank\" rel=\"noopener\">PDF-Download<\/a><\/p>\n<hr \/>\n<p>Syst\u00e8me de r\u00e9mun\u00e9ration en temps que valeur ajout\u00e9e du capital humain: Qu&rsquo;est-ce qu\u2019un salaire \u00ab\u00a0ad\u00e9quat\u00a0\u00bb?<br \/>\n<a href=\"http:\/\/www.gfo.ch\/wp2016\/wp-content\/uploads\/2013\/03\/GFO-Heer-Daneschwar-Studer-Gehaltssystem-Fair-Pay_def.pdf\" target=\"_blank\" rel=\"noopener\">PDF-Download<\/a><\/p>\n<h3>Articles en allemand:<\/h3>\n<p>Kompetenzbasierte Verg\u00fctung: Basis moderner Verg\u00fctungssysteme<br \/>\n<a href=\"http:\/\/www.gfo.ch\/wp2016\/wp-content\/uploads\/2017\/10\/16-17_Kompetenzbasierte-Verg\u00fctung.pdf\" target=\"_blank\" rel=\"noopener\">Artikel Personal Schweiz<\/a><\/p>\n<hr \/>\n<p>Human Capital Excellence: Humankapitalrisiken (Teil 1\/3)<br \/>\n<a href=\"http:\/\/www.gfo.ch\/wp2016\/wp-content\/uploads\/2013\/03\/Humankapitalrisiken_Teil_1_Artikel_Mrz_2016.pdf\" target=\"_blank\" rel=\"noopener\">Artikel Personal Schweiz<\/a><\/p>\n<hr \/>\n<p>Human Capital Excellence: Humankapitalrisiken (Teil 2\/3)<br \/>\n<a href=\"http:\/\/www.gfo.ch\/wp2016\/wp-content\/uploads\/2013\/03\/Humankapitalrisiken_Teil_2_Artikel_April_2016.pdf\" target=\"_blank\" rel=\"noopener\">Artikel Personal Schweiz<\/a><\/p>\n<hr \/>\n<p>Human Capital Excellence: Humankapitalrisiken (Teil 3\/3)<br \/>\n<a href=\"http:\/\/www.gfo.ch\/wp2016\/wp-content\/uploads\/2013\/03\/Humankapitalrisiken_Teil_3_Artikel_Mai_2016.pdf\" target=\"_blank\" rel=\"noopener\">Artikel Personal Schweiz<\/a><\/p>\n<hr \/>\n<p>Lohnsystem als Ausdruck der Wertbetrachtung des Humankapitals:<br \/>\nWas ist ein \u00abguter\u00bb Lohn?<br \/>\n<a href=\"http:\/\/www.gfo.ch\/wp2016\/wp-content\/uploads\/2013\/03\/Persorama_Artikel_Lohn_Sept_2011.pdf\" target=\"_blank\" rel=\"noopener\">Artikel persorama<\/a><\/p>\n<hr \/>\n<p>Lohngleichheit: Gleicher Lohn f\u00fcr gleichwertige Arbeit<br \/>\n<a href=\"http:\/\/www.gfo.ch\/wp2016\/wp-content\/uploads\/2016\/08\/14-17_Lohn_Lohngleichheit_final_ohne_Werbung-1.pdf\" target=\"_blank\" rel=\"noopener\">Artikel personalSchweiz<\/a><\/p>\n<hr \/>\n<p>Lohngleichheit: Erfolgsfaktor Gleichstellung<br \/>\n<a href=\"http:\/\/www.gfo.ch\/wp2016\/wp-content\/uploads\/2016\/08\/Erfolgsfaktor-Gleichstellung_2014_ohne_Werbung.pdf\" target=\"_blank\" rel=\"noopener\">HR Today<\/a>","protected":false},"excerpt":{"rendered":"<p>HR-Today R\u00e9mun\u00e9ration li\u00e9e aux prestations: les avantages d&rsquo;un mod\u00e8le int\u00e9gr\u00e9. PDF-Download Syst\u00e8me de r\u00e9mun\u00e9ration en temps que valeur ajout\u00e9e du capital humain: Qu&rsquo;est-ce qu\u2019un salaire \u00ab\u00a0ad\u00e9quat\u00a0\u00bb? PDF-Download Articles en allemand: Kompetenzbasierte Verg\u00fctung: Basis moderner Verg\u00fctungssysteme Artikel Personal Schweiz Human Capital &hellip; <a class=\"mehr\">&rarr; mehr<\/a><\/p>\n","protected":false},"author":3,"featured_media":375,"parent":13,"menu_order":2,"comment_status":"open","ping_status":"open","template":"","meta":{"footnotes":""},"tags":[],"acf":[],"_links":{"self":[{"href":"https:\/\/www.gfo.ch\/fr\/wp-json\/wp\/v2\/pages\/333"}],"collection":[{"href":"https:\/\/www.gfo.ch\/fr\/wp-json\/wp\/v2\/pages"}],"about":[{"href":"https:\/\/www.gfo.ch\/fr\/wp-json\/wp\/v2\/types\/page"}],"author":[{"embeddable":true,"href":"https:\/\/www.gfo.ch\/fr\/wp-json\/wp\/v2\/users\/3"}],"replies":[{"embeddable":true,"href":"https:\/\/www.gfo.ch\/fr\/wp-json\/wp\/v2\/comments?post=333"}],"version-history":[{"count":76,"href":"https:\/\/www.gfo.ch\/fr\/wp-json\/wp\/v2\/pages\/333\/revisions"}],"predecessor-version":[{"id":1720,"href":"https:\/\/www.gfo.ch\/fr\/wp-json\/wp\/v2\/pages\/333\/revisions\/1720"}],"up":[{"embeddable":true,"href":"https:\/\/www.gfo.ch\/fr\/wp-json\/wp\/v2\/pages\/13"}],"wp:featuredmedia":[{"embeddable":true,"href":"https:\/\/www.gfo.ch\/fr\/wp-json\/wp\/v2\/media\/375"}],"wp:attachment":[{"href":"https:\/\/www.gfo.ch\/fr\/wp-json\/wp\/v2\/media?parent=333"}],"wp:term":[{"taxonomy":"post_tag","embeddable":true,"href":"https:\/\/www.gfo.ch\/fr\/wp-json\/wp\/v2\/tags?post=333"}],"curies":[{"name":"wp","href":"https:\/\/api.w.org\/{rel}","templated":true}]}}