{"id":37,"date":"2013-02-26T14:29:37","date_gmt":"2013-02-26T12:29:37","guid":{"rendered":"http:\/\/www.gfo.ch\/wp2016\/?page_id=37"},"modified":"2014-06-23T11:24:06","modified_gmt":"2014-06-23T09:24:06","slug":"know-how-transfer","status":"publish","type":"page","link":"https:\/\/www.gfo.ch\/fr\/beratungspalette\/know-how-transfer\/","title":{"rendered":"Transfert du savoir-faire"},"content":{"rendered":"<p>En plus du support lors de la conception de votre syst\u00e8me de r\u00e9mun\u00e9ration, nous vous proposons un soutien comp\u00e9tent dans la mise en \u0153uvre de votre syst\u00e8me de r\u00e9mun\u00e9ration. Formation des sup\u00e9rieurs hi\u00e9rarchiques et des responsables RH dans l\u2019application et la mise en \u0153uvre de votre syst\u00e8me de r\u00e9mun\u00e9ration\u00a0:<\/p>\n<ul>\n<li>Formation sur le syst\u00e8me de r\u00e9mun\u00e9ration<\/li>\n<li>Conduite par objectifs (convention d\u2019objectifs et appr\u00e9ciation)<\/li>\n<li>Conduite des entretiens annuels d\u2019appr\u00e9ciation<\/li>\n<li>Gestion des collaborateurs et analyse de potentiel<\/li>\n<\/ul>\n<p>Tous les modules peuvent \u00e9galement se faire sur le mode \u00ab\u00a0train-the-trainer\u00a0\u00bb.<\/p>\n<h3>Coachings et workshops<\/h3>\n<p><a title=\"Transfert du savoir-vivre\" href=\"http:\/\/www.gfo.ch\/wp2016\/wp-content\/uploads\/2013\/02\/transfert-du-savoir-faire.jpg\" rel=\"lightbox[37]\"><img loading=\"lazy\" decoding=\"async\" class=\"alignleft size-thumbnail wp-image-1304\" alt=\"transfert-du-savoir-faire\" src=\"http:\/\/www.gfo.ch\/wp2016\/wp-content\/uploads\/2013\/02\/transfert-du-savoir-faire-120x79.jpg\" width=\"120\" height=\"79\" srcset=\"https:\/\/gfo.ch\/wp-content\/uploads\/2013\/02\/transfert-du-savoir-faire-120x79.jpg 120w, https:\/\/gfo.ch\/wp-content\/uploads\/2013\/02\/transfert-du-savoir-faire-300x199.jpg 300w, https:\/\/gfo.ch\/wp-content\/uploads\/2013\/02\/transfert-du-savoir-faire-150x99.jpg 150w, https:\/\/gfo.ch\/wp-content\/uploads\/2013\/02\/transfert-du-savoir-faire.jpg 800w\" sizes=\"(max-width: 120px) 100vw, 120px\" \/><\/a>Pour les collaborateurs ou les cadres de toutes les branches d\u2019activit\u00e9, nous proposons \u00e9galement des coachings ou des workshops sur-mesure orient\u00e9s vers la pratique, d\u2019une demi-journ\u00e9e ou d\u2019une journ\u00e9e enti\u00e8re, dans les quatres domaines de nos comp\u00e9tences.<\/p>","protected":false},"excerpt":{"rendered":"<p>En plus du support lors de la conception de votre syst\u00e8me de r\u00e9mun\u00e9ration, nous vous proposons un soutien comp\u00e9tent dans la mise en \u0153uvre de votre syst\u00e8me de r\u00e9mun\u00e9ration. Formation des sup\u00e9rieurs hi\u00e9rarchiques et des responsables RH dans l\u2019application et &hellip; <a class=\"mehr\">&rarr; mehr<\/a><\/p>\n","protected":false},"author":3,"featured_media":176,"parent":9,"menu_order":6,"comment_status":"open","ping_status":"open","template":"","meta":{"footnotes":""},"tags":[],"acf":[],"_links":{"self":[{"href":"https:\/\/www.gfo.ch\/fr\/wp-json\/wp\/v2\/pages\/37"}],"collection":[{"href":"https:\/\/www.gfo.ch\/fr\/wp-json\/wp\/v2\/pages"}],"about":[{"href":"https:\/\/www.gfo.ch\/fr\/wp-json\/wp\/v2\/types\/page"}],"author":[{"embeddable":true,"href":"https:\/\/www.gfo.ch\/fr\/wp-json\/wp\/v2\/users\/3"}],"replies":[{"embeddable":true,"href":"https:\/\/www.gfo.ch\/fr\/wp-json\/wp\/v2\/comments?post=37"}],"version-history":[{"count":10,"href":"https:\/\/www.gfo.ch\/fr\/wp-json\/wp\/v2\/pages\/37\/revisions"}],"predecessor-version":[{"id":1306,"href":"https:\/\/www.gfo.ch\/fr\/wp-json\/wp\/v2\/pages\/37\/revisions\/1306"}],"up":[{"embeddable":true,"href":"https:\/\/www.gfo.ch\/fr\/wp-json\/wp\/v2\/pages\/9"}],"wp:featuredmedia":[{"embeddable":true,"href":"https:\/\/www.gfo.ch\/fr\/wp-json\/wp\/v2\/media\/176"}],"wp:attachment":[{"href":"https:\/\/www.gfo.ch\/fr\/wp-json\/wp\/v2\/media?parent=37"}],"wp:term":[{"taxonomy":"post_tag","embeddable":true,"href":"https:\/\/www.gfo.ch\/fr\/wp-json\/wp\/v2\/tags?post=37"}],"curies":[{"name":"wp","href":"https:\/\/api.w.org\/{rel}","templated":true}]}}