{"id":39,"date":"2013-02-26T14:29:52","date_gmt":"2013-02-26T12:29:52","guid":{"rendered":"http:\/\/www.gfo.ch\/wp2016\/?page_id=39"},"modified":"2017-09-19T16:00:21","modified_gmt":"2017-09-19T14:00:21","slug":"kunden","status":"publish","type":"page","link":"https:\/\/www.gfo.ch\/fr\/referenzen\/kunden\/","title":{"rendered":"Clients"},"content":{"rendered":"Nous soutenons des entreprises \u2013 quelle que soit leur taille ou leur branche<br \/>\nd\u2019activit\u00e9 &#8211; dans le d\u00e9veloppement, l\u2019am\u00e9lioration continue, et l\u2019utilisation<br \/>\nperformante de leur syst\u00e8me de r\u00e9mun\u00e9ration.<\/p>\n<h3>Grandes entreprises<\/h3>\n<ul>\n<li>Axima Schweiz, Winterthur<\/li>\n<li>A. Hiestand, Schlieren<\/li>\n<li>Elektrizit\u00e4tswerke des Kantons Z\u00fcrich<\/li>\n<li>Eternit AG, Niederurnen<\/li>\n<li>Feldschl\u00f6sschen Getr\u00e4nke AG, Rheinfelden<\/li>\n<li>Hotelplan Suisse (MTCH AG), Glattbrugg<\/li>\n<li>JOWA AG, Volketswil<\/li>\n<li>Magazine zum Globus AG, Spreitenbach<\/li>\n<li>Micarna SA, Batzenheid\/Courtepin<\/li>\n<li>Migros-Genossenschaftsbund, Z\u00fcrich<\/li>\n<li>Migros-Genossenschaften<\/li>\n<li>Migros Verteilzentrum, Neuendorf<\/li>\n<li>Pilatus Aircraft Ltd, Stans<\/li>\n<li>Postfinance, Bern<\/li>\n<li>PriceWaterhouseCoopers, Z\u00fcrich<\/li>\n<li>Publicitas AG, Z\u00fcrich<\/li>\n<li>Schindler Aufz\u00fcge AG, Ebikon<\/li>\n<li>Swisscom AG, Bern<\/li>\n<li>Telekurs Services, Z\u00fcrich<\/li>\n<li>Thyssen Krupp Presta, Eschen\/FL<\/li>\n<li>Touring Club Suisse, Vernier<\/li>\n<\/ul>\n<h3>Organisations du secteur public et semi public<\/h3>\n<ul>\n<li>Schweiz. Bundesbahnen SBB, Bern<\/li>\n<li>Die Schweizerische Post, Bern<\/li>\n<li>ETH-Rat, Z\u00fcrich<\/li>\n<li>SRG SSR id\u00e9e Suisse, Bern<\/li>\n<li>Etat de Gen\u00e8ve<\/li>\n<li>Etat de Vaud<\/li>\n<li>Kanton Aargau<\/li>\n<li>Kanton Basel-Stadt<\/li>\n<li>Kanton Basel-Landschaft<\/li>\n<li>Kanton Graub\u00fcnden<\/li>\n<li>Kanton Luzern<\/li>\n<li>R\u00e9publique et Canton de Neuch\u00e2tel<\/li>\n<li>Gouvernement de la Nouvelle-Cal\u00e9donie, Noum\u00e9a\/NC<\/li>\n<li>Stadt Chur<\/li>\n<li>Stadt Z\u00fcrich<\/li>\n<li>Ville de Gen\u00e8ve<\/li>\n<li>Ville de Lausanne<\/li>\n<li>Gemeinde Kriens<\/li>\n<li>Gemeinde Littau<\/li>\n<li>Gemeinde Riehen<\/li>\n<li>Gesundheitszentrum Fricktal, Rheinfelden<\/li>\n<li>Kantonsspital Graub\u00fcnden, Chur<\/li>\n<li>Suva, Luzern<\/li>\n<li>Pro Juventute, Z\u00fcrich<\/li>\n<li>Gemeinn\u00fctziger Frauenverein, Z\u00fcrich<\/li>\n<li>Kunsthaus Z\u00fcrich<\/li>\n<li>Opernhaus Z\u00fcrich<\/li>\n<li>Schweiz. Berufsorchester, Z\u00fcrich<\/li>\n<li>Schweiz. Arbeitgeberverband, Z\u00fcrich<\/li>\n<li>Stiftung R\u00fctimatli, Sachseln<\/li>\n<li>Swissmem, Z\u00fcrich<\/li>\n<li>UNIA, Z\u00fcrich<\/li>\n<\/ul>\n<h3>PME<\/h3>\n<ul>\n<li>Abraxas Informatik AG, St.Gallen\/Z\u00fcrich<\/li>\n<li>Akademie der Naturwissenschaften, Bern<\/li>\n<li>Apotheke M\u00f6hlin<\/li>\n<li>Bioforce AG, Roggwil<\/li>\n<li>BOA AG, Rothenburg<\/li>\n<li>Chocolat Frey AG, Buchs<\/li>\n<li>Delica AG, Birsfelden<\/li>\n<li>EBM, M\u00fcnchenstein<\/li>\n<li>Edelweiss Air AG, Z\u00fcrich<\/li>\n<li>Elcoteq AG, Baden\/Turgi<\/li>\n<li>Elektrizit\u00e4ts-Gesellschaft Laufenburg AG, Dietikon<\/li>\n<li>Energiedienst, Laufenburg<\/li>\n<li>Erdgas Ostschweiz AG, Schlieren<\/li>\n<li>Erdgas Z\u00fcrich AG<\/li>\n<li>Estavayer Lait SA, Estavayer-le-Lac<\/li>\n<li>Galenicare Management AG, Bern<\/li>\n<li>Glas Tr\u00f6sch HY TECH GLASS, B\u00fctzberg<\/li>\n<li>GIA GRAPHA Informatik AG, Oftringen<\/li>\n<li>Goldbach Media, K\u00fcsnacht<\/li>\n<li>Krankenkasse KPT, Bern<\/li>\n<li>Limmatdruck AG, Spreitenbach<\/li>\n<li>LIVIT AG, Z\u00fcrich<\/li>\n<li>L\u00fcdi AG, Flawil<\/li>\n<li>MIAG C.V. Diemen NL, Branch Baar<\/li>\n<li>Midor AG, Meilen<\/li>\n<li>MIFROMA, Ursy<\/li>\n<li>Migros Pensionskasse, Z\u00fcrich<\/li>\n<li>M\u00fcller Martini Electronic AG, Zofingen<\/li>\n<li>Novoplast AG, Wallbach<\/li>\n<li>Publisuisse SA, Bern<\/li>\n<li>RUAG Space AG, Z\u00fcrich<\/li>\n<li>SBD.bibliotheksservice ag, Bern<\/li>\n<li>Schmerzklinik Basel<\/li>\n<li>Seba Aproz AG, Sion<\/li>\n<li>Securiton AG, Zollikofen<\/li>\n<li>Sika Sarnafil AG, Sarnen<\/li>\n<li>Swisslog AG, Buchs\/AG<\/li>\n<li>Viamat\/Mat Securitas Express AG, Kloten<\/li>\n<li>Zehnder Group Produktion, Gr\u00e4nichen<\/li>\n<li>Zeiler AG, Bern<\/li>\n<\/ul>\n<h3><\/h3>","protected":false},"excerpt":{"rendered":"<p>Nous soutenons des entreprises \u2013 quelle que soit leur taille ou leur branche d\u2019activit\u00e9 &#8211; dans le d\u00e9veloppement, l\u2019am\u00e9lioration continue, et l\u2019utilisation performante de leur syst\u00e8me de r\u00e9mun\u00e9ration. Grandes entreprises Axima Schweiz, Winterthur A. Hiestand, Schlieren Elektrizit\u00e4tswerke des Kantons Z\u00fcrich &hellip; <a class=\"mehr\">&rarr; mehr<\/a><\/p>\n","protected":false},"author":3,"featured_media":378,"parent":11,"menu_order":1,"comment_status":"open","ping_status":"open","template":"","meta":{"footnotes":""},"tags":[],"acf":[],"_links":{"self":[{"href":"https:\/\/www.gfo.ch\/fr\/wp-json\/wp\/v2\/pages\/39"}],"collection":[{"href":"https:\/\/www.gfo.ch\/fr\/wp-json\/wp\/v2\/pages"}],"about":[{"href":"https:\/\/www.gfo.ch\/fr\/wp-json\/wp\/v2\/types\/page"}],"author":[{"embeddable":true,"href":"https:\/\/www.gfo.ch\/fr\/wp-json\/wp\/v2\/users\/3"}],"replies":[{"embeddable":true,"href":"https:\/\/www.gfo.ch\/fr\/wp-json\/wp\/v2\/comments?post=39"}],"version-history":[{"count":14,"href":"https:\/\/www.gfo.ch\/fr\/wp-json\/wp\/v2\/pages\/39\/revisions"}],"predecessor-version":[{"id":1706,"href":"https:\/\/www.gfo.ch\/fr\/wp-json\/wp\/v2\/pages\/39\/revisions\/1706"}],"up":[{"embeddable":true,"href":"https:\/\/www.gfo.ch\/fr\/wp-json\/wp\/v2\/pages\/11"}],"wp:featuredmedia":[{"embeddable":true,"href":"https:\/\/www.gfo.ch\/fr\/wp-json\/wp\/v2\/media\/378"}],"wp:attachment":[{"href":"https:\/\/www.gfo.ch\/fr\/wp-json\/wp\/v2\/media?parent=39"}],"wp:term":[{"taxonomy":"post_tag","embeddable":true,"href":"https:\/\/www.gfo.ch\/fr\/wp-json\/wp\/v2\/tags?post=39"}],"curies":[{"name":"wp","href":"https:\/\/api.w.org\/{rel}","templated":true}]}}