{"id":41,"date":"2013-02-26T14:30:04","date_gmt":"2013-02-26T12:30:04","guid":{"rendered":"http:\/\/www.gfo.ch\/wp2016\/?page_id=41"},"modified":"2017-06-08T08:30:06","modified_gmt":"2017-06-08T06:30:06","slug":"case-studies","status":"publish","type":"page","link":"https:\/\/www.gfo.ch\/fr\/referenzen\/case-studies\/","title":{"rendered":"Case Studies"},"content":{"rendered":"Voyez par vous-m\u00eame! Des clients satisfaits pr\u00e9sentent leurs exp\u00e9riences et leurs succ\u00e8s avec les prestations de GFO Unternehmensberatung<\/p>\n<p>Nous nous r\u00e9jouissons de pouvoir \u00e9galement travailler\u00a0sur votre projet.<\/p>\n<p>Votre GFO Unternehmensberatung<\/p>\n<hr \/>\n<h4>\u00a0Conseil des EPF<\/h4>\n<p>\u00ab\u00a0Evaluation du syst\u00e8me salarial du domaine des EPF\u00a0\u00bb<br \/>\n<a href=\"http:\/\/www.gfo.ch\/wp2016\/wp-content\/uploads\/2013\/02\/Case_Study_EPF_\u00e9valuation_syst\u00e8me_salarial_2015.pdf\" target=\"_blank\">Case Study domaine des EPF<\/a><\/p>\n<hr \/>\n<h4>Case Study Schindler Ascenseurs, SA, Ebikon<\/h4>\n<p>Le syst\u00e8me de r\u00e9mun\u00e9ration datant de plusieurs d\u00e9cennies<br \/>\nappartient au pass\u00e9. Le nouveau syst\u00e8me de conduite et de r\u00e9mun\u00e9ration du<br \/>\npersonnel est aujourd&rsquo;hui indissociable de l&rsquo;entreprise Schindler Ascenseurs SA.<br \/>\nLes collaborateurs sont de plus int\u00e9gr\u00e9s dans un syst\u00e8me de bonus.<br \/>\n<a href=\"http:\/\/www.gfo.ch\/wp2016\/wp-content\/uploads\/2013\/02\/GFO_CaseStudy_Schindler_f.pdf\" target=\"_blank\">Case Study Schindler<\/a><\/p>\n<hr \/>\n<h2>Case studies en allemand:<\/h2>\n<h4>Stiftung R\u00fctimattli<\/h4>\n<p>\u00ab\u00a0\u00dcberarbeitung des Lohnsystems\u00a0\u00bb<br \/>\n<a href=\"http:\/\/www.gfo.ch\/wp2016\/wp-content\/uploads\/2017\/05\/Case_Study_R\u00fctimattli_def.pdf\" target=\"_blank\">Case Study Stiftung R\u00fctimattli<\/a><\/p>\n<hr \/>\n<h4>Pilatus Aircraft Ltd<\/h4>\n<p>\u00ab\u00a0Einf\u00fchrung eines integrierten Personalbeurteilungssystems (PPM)\u00a0\u00bb<br \/>\n<a href=\"http:\/\/www.gfo.ch\/wp2016\/wp-content\/uploads\/2013\/02\/GFO_CaseStudy_Pilatus_d_Internet.pdf\" target=\"_blank\">Case Study Pilatus Aircraft Ltd<\/a><\/p>\n<hr \/>\n<h4>Zehnder Group Produktion Gr\u00e4nichen AG<\/h4>\n<p>Nach dem Motto: Mitarbeiter zu Beteiligten machen f\u00fchrt das KMU-Unternehmen der Metallindustrie das zeitgem\u00e4sse sowie leistungs- und ergebnisorientierte Bonussystem \u00ab\u00a0ERFOLG+\u00a0\u00bb ein und st\u00f6sst damit auf grosse Mitarbeiterakzeptanz.<br \/>\n<a href=\"http:\/\/www.gfo.ch\/wp2016\/wp-content\/uploads\/2013\/02\/RZ_GFO_CaseStudies_Zehnder.pdf\" target=\"_blank\">Case Study Zehnder<\/a><\/p>\n<hr \/>\n<h4>Migros Ostschweiz<\/h4>\n<p>Das integrierte Personalf\u00fchrungs- und Honorierungssystem M-FEE soll die F\u00fchrung und Entwicklung der Mitarbeitenden nachhaltig unterst\u00fctzen und massgeblich zur Lohngerechtigkeit beitragen.<br \/>\n<a href=\"http:\/\/www.gfo.ch\/wp2016\/wp-content\/uploads\/2013\/02\/RZ_GFO_CaseStudy_Migros.pdf\" target=\"_blank\">Case Study Migros<\/a>","protected":false},"excerpt":{"rendered":"<p>Voyez par vous-m\u00eame! Des clients satisfaits pr\u00e9sentent leurs exp\u00e9riences et leurs succ\u00e8s avec les prestations de GFO Unternehmensberatung Nous nous r\u00e9jouissons de pouvoir \u00e9galement travailler\u00a0sur votre projet. Votre GFO Unternehmensberatung \u00a0Conseil des EPF \u00ab\u00a0Evaluation du syst\u00e8me salarial du domaine des &hellip; <a class=\"mehr\">&rarr; mehr<\/a><\/p>\n","protected":false},"author":3,"featured_media":378,"parent":11,"menu_order":2,"comment_status":"open","ping_status":"open","template":"","meta":{"footnotes":""},"tags":[],"acf":[],"_links":{"self":[{"href":"https:\/\/www.gfo.ch\/fr\/wp-json\/wp\/v2\/pages\/41"}],"collection":[{"href":"https:\/\/www.gfo.ch\/fr\/wp-json\/wp\/v2\/pages"}],"about":[{"href":"https:\/\/www.gfo.ch\/fr\/wp-json\/wp\/v2\/types\/page"}],"author":[{"embeddable":true,"href":"https:\/\/www.gfo.ch\/fr\/wp-json\/wp\/v2\/users\/3"}],"replies":[{"embeddable":true,"href":"https:\/\/www.gfo.ch\/fr\/wp-json\/wp\/v2\/comments?post=41"}],"version-history":[{"count":50,"href":"https:\/\/www.gfo.ch\/fr\/wp-json\/wp\/v2\/pages\/41\/revisions"}],"predecessor-version":[{"id":1687,"href":"https:\/\/www.gfo.ch\/fr\/wp-json\/wp\/v2\/pages\/41\/revisions\/1687"}],"up":[{"embeddable":true,"href":"https:\/\/www.gfo.ch\/fr\/wp-json\/wp\/v2\/pages\/11"}],"wp:featuredmedia":[{"embeddable":true,"href":"https:\/\/www.gfo.ch\/fr\/wp-json\/wp\/v2\/media\/378"}],"wp:attachment":[{"href":"https:\/\/www.gfo.ch\/fr\/wp-json\/wp\/v2\/media?parent=41"}],"wp:term":[{"taxonomy":"post_tag","embeddable":true,"href":"https:\/\/www.gfo.ch\/fr\/wp-json\/wp\/v2\/tags?post=41"}],"curies":[{"name":"wp","href":"https:\/\/api.w.org\/{rel}","templated":true}]}}