{"id":43,"date":"2013-02-26T14:30:21","date_gmt":"2013-02-26T12:30:21","guid":{"rendered":"http:\/\/www.gfo.ch\/wp2016\/?page_id=43"},"modified":"2014-02-10T14:22:28","modified_gmt":"2014-02-10T13:22:28","slug":"funktionsmanager","status":"publish","type":"page","link":"https:\/\/www.gfo.ch\/fr\/software\/funktionsmanager\/","title":{"rendered":"Profil Manager"},"content":{"rendered":"<p>PROFIL MANAGER vous soutient sur la base des profils r\u00e9sultant de l\u2019\u00e9valuation des fonctions, dans la d\u00e9finition et la r\u00e9alisation des parcours de carri\u00e8res de vos collaborateurs.<\/p>\n<p><a title=\"Profils d'exigences\" href=\"http:\/\/www.gfo.ch\/wp2016\/wp-content\/uploads\/2013\/02\/profils-d-exigences.jpg\" rel=\"lightbox[43]\"><img loading=\"lazy\" decoding=\"async\" class=\"alignleft size-thumbnail wp-image-1107\" alt=\"profils-d-exigences\" src=\"http:\/\/www.gfo.ch\/wp2016\/wp-content\/uploads\/2013\/02\/profils-d-exigences-120x79.jpg\" width=\"120\" height=\"79\" srcset=\"https:\/\/gfo.ch\/wp-content\/uploads\/2013\/02\/profils-d-exigences-120x79.jpg 120w, https:\/\/gfo.ch\/wp-content\/uploads\/2013\/02\/profils-d-exigences-300x199.jpg 300w, https:\/\/gfo.ch\/wp-content\/uploads\/2013\/02\/profils-d-exigences-150x99.jpg 150w, https:\/\/gfo.ch\/wp-content\/uploads\/2013\/02\/profils-d-exigences.jpg 800w\" sizes=\"(max-width: 120px) 100vw, 120px\" \/><\/a>PROFIL MANAGER vous offre les fonctionnalit\u00e9s suivantes :<\/p>\n<div class=\"clear\"><\/div>\n<ul>\n<li>Base de donn\u00e9es des profils de fonctions issus de l\u2019\u00e9valuation analytique, ainsi que les profils mod\u00e8les avec toutes les informations selon le mod\u00e8le de comp\u00e9tence de GFO (comp\u00e9tences professionnelles, personnelles, sociales, de conduite, ainsi que les sollicitations et conditions de travail).<\/li>\n<li>Classification et repr\u00e9sentation des profils dans la grille des fonctions.<\/li>\n<li>D\u00e9finition de carri\u00e8res professionnelles et repr\u00e9sentation graphique des profils correspondants dans la grille des fonctions.<\/li>\n<li>G\u00e9n\u00e9ration automatique des descriptifs des carri\u00e8res d\u00e9finies ainsi que des cha\u00eenes de fonctions.<\/li>\n<li>Comparaison et transposition graphique des profils de comp\u00e9tences.<\/li>\n<\/ul>\n<p><a title=\"Comparaison de profils de fonctions\" href=\"http:\/\/www.gfo.ch\/wp2016\/wp-content\/uploads\/2013\/02\/comparaison-de-profils.jpg\" rel=\"lightbox[43]\"><img loading=\"lazy\" decoding=\"async\" class=\"alignleft size-thumbnail wp-image-1109\" alt=\"comparaison-de-profils\" src=\"http:\/\/www.gfo.ch\/wp2016\/wp-content\/uploads\/2013\/02\/comparaison-de-profils-120x79.jpg\" width=\"120\" height=\"79\" srcset=\"https:\/\/gfo.ch\/wp-content\/uploads\/2013\/02\/comparaison-de-profils-120x79.jpg 120w, https:\/\/gfo.ch\/wp-content\/uploads\/2013\/02\/comparaison-de-profils-300x199.jpg 300w, https:\/\/gfo.ch\/wp-content\/uploads\/2013\/02\/comparaison-de-profils-150x99.jpg 150w, https:\/\/gfo.ch\/wp-content\/uploads\/2013\/02\/comparaison-de-profils.jpg 800w\" sizes=\"(max-width: 120px) 100vw, 120px\" \/><\/a>PROFIL MANAGER se base sur la derni\u00e8re version Excel 2010 et n\u2019emploie pas de langages de programmation (Microsoft VBA) afin de permettre une plus grande compatibilit\u00e9.<\/p>","protected":false},"excerpt":{"rendered":"<p>PROFIL MANAGER vous soutient sur la base des profils r\u00e9sultant de l\u2019\u00e9valuation des fonctions, dans la d\u00e9finition et la r\u00e9alisation des parcours de carri\u00e8res de vos collaborateurs. PROFIL MANAGER vous offre les fonctionnalit\u00e9s suivantes : Base de donn\u00e9es des profils &hellip; <a class=\"mehr\">&rarr; mehr<\/a><\/p>\n","protected":false},"author":3,"featured_media":185,"parent":15,"menu_order":1,"comment_status":"open","ping_status":"open","template":"","meta":{"footnotes":""},"tags":[],"acf":[],"_links":{"self":[{"href":"https:\/\/www.gfo.ch\/fr\/wp-json\/wp\/v2\/pages\/43"}],"collection":[{"href":"https:\/\/www.gfo.ch\/fr\/wp-json\/wp\/v2\/pages"}],"about":[{"href":"https:\/\/www.gfo.ch\/fr\/wp-json\/wp\/v2\/types\/page"}],"author":[{"embeddable":true,"href":"https:\/\/www.gfo.ch\/fr\/wp-json\/wp\/v2\/users\/3"}],"replies":[{"embeddable":true,"href":"https:\/\/www.gfo.ch\/fr\/wp-json\/wp\/v2\/comments?post=43"}],"version-history":[{"count":14,"href":"https:\/\/www.gfo.ch\/fr\/wp-json\/wp\/v2\/pages\/43\/revisions"}],"predecessor-version":[{"id":1112,"href":"https:\/\/www.gfo.ch\/fr\/wp-json\/wp\/v2\/pages\/43\/revisions\/1112"}],"up":[{"embeddable":true,"href":"https:\/\/www.gfo.ch\/fr\/wp-json\/wp\/v2\/pages\/15"}],"wp:featuredmedia":[{"embeddable":true,"href":"https:\/\/www.gfo.ch\/fr\/wp-json\/wp\/v2\/media\/185"}],"wp:attachment":[{"href":"https:\/\/www.gfo.ch\/fr\/wp-json\/wp\/v2\/media?parent=43"}],"wp:term":[{"taxonomy":"post_tag","embeddable":true,"href":"https:\/\/www.gfo.ch\/fr\/wp-json\/wp\/v2\/tags?post=43"}],"curies":[{"name":"wp","href":"https:\/\/api.w.org\/{rel}","templated":true}]}}