{"id":47,"date":"2013-02-26T14:30:54","date_gmt":"2013-02-26T12:30:54","guid":{"rendered":"http:\/\/www.gfo.ch\/wp2016\/?page_id=47"},"modified":"2014-03-28T16:47:18","modified_gmt":"2014-03-28T15:47:18","slug":"bonus-manager","status":"publish","type":"page","link":"https:\/\/www.gfo.ch\/fr\/software\/bonus-manager\/","title":{"rendered":"Bonus Manager"},"content":{"rendered":"<p>Le BONUS MANAGER simplifie l\u2019organisation, la gestion et l\u2019administration du bonus dans le cadre de vos besoins sp\u00e9cifiques bas\u00e9s sur le concept de participations aux r\u00e9sultats de GFO.<\/p>\n<p>Le BONUS MANAGER vous d\u00e9charge dans les t\u00e2ches suivantes :<\/p>\n<ul>\n<li>Documentation des valeurs d\u00e9terminantes et des objectifs<\/li>\n<li>Visualisation transparente du mod\u00e8le de calcul du bonus<\/li>\n<li>Calcul p\u00e9riodique des bonus sur la base de l\u2019atteinte des objectifs<\/li>\n<li>Visualisation des r\u00e9sultats et des bonus atteints<\/li>\n<li>Evaluation pour le management pour les diff\u00e9rents domaines de bonus<\/li>\n<\/ul>\n<h3>Exemple de financement d\u2019une participation aux r\u00e9sultats:<\/h3>\n<p><a title=\"Financement de la participation au succ\u00e8s\" href=\"http:\/\/www.gfo.ch\/wp2016\/wp-content\/uploads\/2013\/02\/financement-de-la-participation.jpg\" rel=\"lightbox[47]\"><img loading=\"lazy\" decoding=\"async\" class=\"alignleft size-thumbnail wp-image-1120\" alt=\"financement-de-la-participation\" src=\"http:\/\/www.gfo.ch\/wp2016\/wp-content\/uploads\/2013\/02\/financement-de-la-participation-120x79.jpg\" width=\"120\" height=\"79\" srcset=\"https:\/\/gfo.ch\/wp-content\/uploads\/2013\/02\/financement-de-la-participation-120x79.jpg 120w, https:\/\/gfo.ch\/wp-content\/uploads\/2013\/02\/financement-de-la-participation-300x199.jpg 300w, https:\/\/gfo.ch\/wp-content\/uploads\/2013\/02\/financement-de-la-participation-150x99.jpg 150w, https:\/\/gfo.ch\/wp-content\/uploads\/2013\/02\/financement-de-la-participation.jpg 800w\" sizes=\"(max-width: 120px) 100vw, 120px\" \/><\/a>L\u2019alimentation de la cagnotte bonus pourrait se faire comme le montre l&rsquo;exemple ci-contre:<br \/>\nEn plus du financement de la cagnotte bonus, les valeurs minimales, maximales et interm\u00e9diaires sont \u00e0 d\u00e9finir. Ceci se fait la plupart du temps sous forme de pourcentage.<\/p>\n<h3>Exemple de r\u00e8gles de distribution:<\/h3>\n<p>A cet effet, trois mesures sont n\u00e9cessaires:<\/p>\n<h4>1. D\u00e9finition des domaines de r\u00e9sultat, des valeurs de r\u00e9f\u00e9rence, des cat\u00e9gories d\u2019employ\u00e9s et de la pond\u00e9ration<\/h4>\n<p><a title=\"D\u00e9termination des domaines de r\u00e9sultats\" href=\"http:\/\/www.gfo.ch\/wp2016\/wp-content\/uploads\/2013\/02\/determination-des-domaines-de-resultats.jpg\" rel=\"lightbox[47]\"><img loading=\"lazy\" decoding=\"async\" class=\"alignleft size-thumbnail wp-image-1121\" alt=\"determination-des-domaines-de-resultats\" src=\"http:\/\/www.gfo.ch\/wp2016\/wp-content\/uploads\/2013\/02\/determination-des-domaines-de-resultats-120x79.jpg\" width=\"120\" height=\"79\" srcset=\"https:\/\/gfo.ch\/wp-content\/uploads\/2013\/02\/determination-des-domaines-de-resultats-120x79.jpg 120w, https:\/\/gfo.ch\/wp-content\/uploads\/2013\/02\/determination-des-domaines-de-resultats-300x199.jpg 300w, https:\/\/gfo.ch\/wp-content\/uploads\/2013\/02\/determination-des-domaines-de-resultats-150x99.jpg 150w, https:\/\/gfo.ch\/wp-content\/uploads\/2013\/02\/determination-des-domaines-de-resultats.jpg 800w\" sizes=\"(max-width: 120px) 100vw, 120px\" \/><\/a>Les unit\u00e9s directement productives et indirectement productives sont \u00e0 pond\u00e9rer diff\u00e9remment.<\/p>\n<div class=\"clear\"><\/div>\n<h4>2. D\u00e9finition des objectifs et des r\u00e9sultats<\/h4>\n<p><a title=\"Objectifs et r\u00e9sultats\" href=\"http:\/\/www.gfo.ch\/wp2016\/wp-content\/uploads\/2013\/02\/objectifs-et-resultats.jpg\" rel=\"lightbox[47]\"><img loading=\"lazy\" decoding=\"async\" class=\"alignleft size-thumbnail wp-image-1122\" alt=\"objectifs-et-resultats\" src=\"http:\/\/www.gfo.ch\/wp2016\/wp-content\/uploads\/2013\/02\/objectifs-et-resultats-120x79.jpg\" width=\"120\" height=\"79\" srcset=\"https:\/\/gfo.ch\/wp-content\/uploads\/2013\/02\/objectifs-et-resultats-120x79.jpg 120w, https:\/\/gfo.ch\/wp-content\/uploads\/2013\/02\/objectifs-et-resultats-300x199.jpg 300w, https:\/\/gfo.ch\/wp-content\/uploads\/2013\/02\/objectifs-et-resultats-150x99.jpg 150w, https:\/\/gfo.ch\/wp-content\/uploads\/2013\/02\/objectifs-et-resultats.jpg 800w\" sizes=\"(max-width: 120px) 100vw, 120px\" \/><\/a>En principe on peut utiliser le m\u00eame instrument pour l\u2019appr\u00e9ciation des objectifs et de la participation aux r\u00e9sultats. Ceci est valable notamment pour la description des objectifs, la base pour l\u2019appr\u00e9ciation, la pond\u00e9ration ainsi que le nombre et l\u2019\u00e9nonc\u00e9 des niveaux d\u2019appr\u00e9ciations. Etant donn\u00e9 que les r\u00e9sultats des objectifs ont toujours un impact direct sur le bonus, il est imp\u00e9ratif de les d\u00e9finir \u00e0 l\u2019avance.<\/p>\n<h4>3. Communication des r\u00e9sultats<\/h4>\n<p><a title=\"Communication des r\u00e9sultats\" href=\"http:\/\/www.gfo.ch\/wp2016\/wp-content\/uploads\/2013\/02\/communication-des-resultats.jpg\" rel=\"lightbox[47]\"><img loading=\"lazy\" decoding=\"async\" class=\"alignleft size-thumbnail wp-image-1123\" alt=\"communication-des-resultats\" src=\"http:\/\/www.gfo.ch\/wp2016\/wp-content\/uploads\/2013\/02\/communication-des-resultats-120x79.jpg\" width=\"120\" height=\"79\" srcset=\"https:\/\/gfo.ch\/wp-content\/uploads\/2013\/02\/communication-des-resultats-120x79.jpg 120w, https:\/\/gfo.ch\/wp-content\/uploads\/2013\/02\/communication-des-resultats-300x199.jpg 300w, https:\/\/gfo.ch\/wp-content\/uploads\/2013\/02\/communication-des-resultats-150x99.jpg 150w, https:\/\/gfo.ch\/wp-content\/uploads\/2013\/02\/communication-des-resultats.jpg 800w\" sizes=\"(max-width: 120px) 100vw, 120px\" \/><\/a>La communication des r\u00e9sultats doit se faire par une<\/p>","protected":false},"excerpt":{"rendered":"<p>Le BONUS MANAGER simplifie l\u2019organisation, la gestion et l\u2019administration du bonus dans le cadre de vos besoins sp\u00e9cifiques bas\u00e9s sur le concept de participations aux r\u00e9sultats de GFO. Le BONUS MANAGER vous d\u00e9charge dans les t\u00e2ches suivantes : Documentation des &hellip; <a class=\"mehr\">&rarr; mehr<\/a><\/p>\n","protected":false},"author":3,"featured_media":185,"parent":15,"menu_order":3,"comment_status":"open","ping_status":"open","template":"","meta":{"footnotes":""},"tags":[],"acf":[],"_links":{"self":[{"href":"https:\/\/www.gfo.ch\/fr\/wp-json\/wp\/v2\/pages\/47"}],"collection":[{"href":"https:\/\/www.gfo.ch\/fr\/wp-json\/wp\/v2\/pages"}],"about":[{"href":"https:\/\/www.gfo.ch\/fr\/wp-json\/wp\/v2\/types\/page"}],"author":[{"embeddable":true,"href":"https:\/\/www.gfo.ch\/fr\/wp-json\/wp\/v2\/users\/3"}],"replies":[{"embeddable":true,"href":"https:\/\/www.gfo.ch\/fr\/wp-json\/wp\/v2\/comments?post=47"}],"version-history":[{"count":12,"href":"https:\/\/www.gfo.ch\/fr\/wp-json\/wp\/v2\/pages\/47\/revisions"}],"predecessor-version":[{"id":1267,"href":"https:\/\/www.gfo.ch\/fr\/wp-json\/wp\/v2\/pages\/47\/revisions\/1267"}],"up":[{"embeddable":true,"href":"https:\/\/www.gfo.ch\/fr\/wp-json\/wp\/v2\/pages\/15"}],"wp:featuredmedia":[{"embeddable":true,"href":"https:\/\/www.gfo.ch\/fr\/wp-json\/wp\/v2\/media\/185"}],"wp:attachment":[{"href":"https:\/\/www.gfo.ch\/fr\/wp-json\/wp\/v2\/media?parent=47"}],"wp:term":[{"taxonomy":"post_tag","embeddable":true,"href":"https:\/\/www.gfo.ch\/fr\/wp-json\/wp\/v2\/tags?post=47"}],"curies":[{"name":"wp","href":"https:\/\/api.w.org\/{rel}","templated":true}]}}