{"id":53,"date":"2013-02-26T14:32:08","date_gmt":"2013-02-26T12:32:08","guid":{"rendered":"http:\/\/www.gfo.ch\/wp2016\/?page_id=53"},"modified":"2014-07-02T08:58:46","modified_gmt":"2014-07-02T06:58:46","slug":"integriertes-personalmanagement","status":"publish","type":"page","link":"https:\/\/www.gfo.ch\/fr\/beratungspalette\/kompetenzmanagement\/integriertes-personalmanagement\/","title":{"rendered":"Gestion RH int\u00e9gr\u00e9e"},"content":{"rendered":"<p><a title=\"profils de competences\" href=\"http:\/\/www.gfo.ch\/wp2016\/wp-content\/uploads\/2013\/04\/profiuls-de-competences.jpg\" rel=\"lightbox[53]\"><img loading=\"lazy\" decoding=\"async\" class=\"alignleft size-thumbnail wp-image-1024\" alt=\"profils de competences\" src=\"http:\/\/www.gfo.ch\/wp2016\/wp-content\/uploads\/2013\/04\/profiuls-de-competences-120x79.jpg\" width=\"120\" height=\"79\" srcset=\"https:\/\/gfo.ch\/wp-content\/uploads\/2013\/04\/profiuls-de-competences-120x79.jpg 120w, https:\/\/gfo.ch\/wp-content\/uploads\/2013\/04\/profiuls-de-competences-494x329.jpg 494w, https:\/\/gfo.ch\/wp-content\/uploads\/2013\/04\/profiuls-de-competences-150x99.jpg 150w, https:\/\/gfo.ch\/wp-content\/uploads\/2013\/04\/profiuls-de-competences.jpg 800w\" sizes=\"(max-width: 120px) 100vw, 120px\" \/><\/a>Afin de concerter les disciplines RH classiques, embrassant le recrutement, l\u2019appr\u00e9ciation des prestations et la r\u00e9mun\u00e9ration et le d\u00e9veloppement du personnel (<b>gestion RH int\u00e9gr\u00e9e<\/b>), il faut disposer d\u2019un <a title=\"Kompetenzmodell\" href=\"http:\/\/www.gfo.ch\/fr\/beratungspalette\/kompetenzmanagement\/kompetenzmodell\"><b>mod\u00e8le des comp\u00e9tences<\/b><\/a> uniforme<i>. <\/i>Celui-ci permet d\u2019\u00e9tablir des processus affluents efficaces, d\u2019en utiliser les synergies et de mettre en oeuvre la strat\u00e9gie RH.<\/p>\n<h4>Recrutement bas\u00e9 sur des comp\u00e9tences<\/h4>\n<p>Un recrutement bas\u00e9 sur des comp\u00e9tences se fonde sur des crit\u00e8res clairs et uniformes pour s\u00e9lectionner la \u00abbonne\u00bb personne. Le profil d\u2019exigences en question (voir partie gauche de la figure) sera compar\u00e9 avec le profil des capacit\u00e9s du candidat (voir partie droite de la figure). De cette fa\u00e7on, il est possible d\u2019identifier les candidats potentiels de mani\u00e8re cibl\u00e9e et de les s\u00e9lectionner par un processus efficace, ce qui aide \u00e0 son tour \u00e0 pr\u00e9venir des recrutements erron\u00e9s et co\u00fbteux. De m\u00eame, les crit\u00e8res de comp\u00e9tences uniformes permettent d\u2019identifier des tendances ou biais \u00e0 temps, d\u2019optimiser la planification RH par un planning de succession solide et de retenir les comp\u00e9tences cl\u00e9s et le savoir sp\u00e9cifique dans l\u2019organisation.<\/p>\n<h4>Appr\u00e9ciation des prestations bas\u00e9e sur des comp\u00e9tences<\/h4>\n<p>L&rsquo;appr\u00e9ciation des prestations bas\u00e9e sur un mod\u00e8le de comp\u00e9tences uniforme compare les attentes par rapport \u00e0 une fonction avec les contributions effectives d\u2019un collaborateur. Ceci permet de juxtaposer l\u2019appr\u00e9ciation de soi et celle de l\u2019autrui ainsi que de recevoir un feedback 360 degr\u00e9s. Gr\u00e2ce aux comp\u00e9tences souhait\u00e9es et aux crit\u00e8res d\u2019appr\u00e9ciation qui en sont d\u00e9duits, la qualit\u00e9 de l\u2019appr\u00e9ciation des prestations sera am\u00e9lior\u00e9e quant \u00e0 l\u2019uniformit\u00e9, \u00e0 la transparence et \u00e0 la syst\u00e9matique. En outre, un portefeuille des collaborateurs permet d\u2019identifier les potentiels et de les d\u00e9velopper.<\/p>\n<h4>R\u00e9mun\u00e9ration bas\u00e9e sur des comp\u00e9tences<\/h4>\n<p>Des profils de comp\u00e9tences permettent de r\u00e9mun\u00e9rer les collaborateurs de fa\u00e7on \u00e9quitable par rapport aux exigences et aux performances: <div class=\"clear\"><\/div>\n<ul>\n<li>L\u2019\u00e9valuation des comp\u00e9tences et des crit\u00e8res d\u2019exigences m\u00e8ne \u00e0 une grille des fonctions qui permet de comparer les profils de comp\u00e9tences et d\u2019exigences de fa\u00e7on transparente. Ainsi, cet outil facilite l\u2019atteinte de l\u2019\u00e9quit\u00e9 interne, donc salaire \u00e9gal pour un travail de valeur \u00e9gale.<\/li>\n<li>Les profils de comp\u00e9tences ne peuvent pas seulement repr\u00e9senter des objectifs \u00e0 fixer, mais aussi servir de base pour une r\u00e9mun\u00e9ration li\u00e9e aux performances.<\/li>\n<\/ul>\n<h4>D\u00e9veloppement RH bas\u00e9 sur des comp\u00e9tences<\/h4>\n<p>Le d\u00e9veloppement RH bas\u00e9 sur des comp\u00e9tences permet d\u2019\u00e9tablir le planning et le budget des mesures de d\u00e9veloppement. Ainsi, des comp\u00e9tences individuelles sont align\u00e9es sur les comp\u00e9tences cl\u00e9s de l\u2019organisation et d\u00e9velopp\u00e9es au fur et \u00e0 mesure selon les besoins et les potentiels. L\u2019objectif et de promouvoir et de d\u00e9velopper les collaborateurs de fa\u00e7on syst\u00e9matique et durable, donc de planifier leur carri\u00e8res, et d\u2019\u00e9tablir une vraie <b>gestion des talents<\/b>. <div class=\"blauerkasten\"> Une <b>approche int\u00e9gr\u00e9e de comp\u00e9tences<\/b> permet donc \u00e0 une organisation de recruter les personnes apportant les comp\u00e9tences cl\u00e9s, de les motiver et de les retenir, de faire appr\u00e9cier leurs prestations, d\u2019identifier et de d\u00e9velopper leur potentiel et de les r\u00e9mun\u00e9rer de mani\u00e8re \u00e9quitable. <\/div><\/p>","protected":false},"excerpt":{"rendered":"<p>Afin de concerter les disciplines RH classiques, embrassant le recrutement, l\u2019appr\u00e9ciation des prestations et la r\u00e9mun\u00e9ration et le d\u00e9veloppement du personnel (gestion RH int\u00e9gr\u00e9e), il faut disposer d\u2019un mod\u00e8le des comp\u00e9tences uniforme. Celui-ci permet d\u2019\u00e9tablir des processus affluents efficaces, d\u2019en &hellip; <a class=\"mehr\">&rarr; mehr<\/a><\/p>\n","protected":false},"author":3,"featured_media":176,"parent":27,"menu_order":2,"comment_status":"open","ping_status":"open","template":"","meta":{"footnotes":""},"tags":[],"acf":[],"_links":{"self":[{"href":"https:\/\/www.gfo.ch\/fr\/wp-json\/wp\/v2\/pages\/53"}],"collection":[{"href":"https:\/\/www.gfo.ch\/fr\/wp-json\/wp\/v2\/pages"}],"about":[{"href":"https:\/\/www.gfo.ch\/fr\/wp-json\/wp\/v2\/types\/page"}],"author":[{"embeddable":true,"href":"https:\/\/www.gfo.ch\/fr\/wp-json\/wp\/v2\/users\/3"}],"replies":[{"embeddable":true,"href":"https:\/\/www.gfo.ch\/fr\/wp-json\/wp\/v2\/comments?post=53"}],"version-history":[{"count":27,"href":"https:\/\/www.gfo.ch\/fr\/wp-json\/wp\/v2\/pages\/53\/revisions"}],"predecessor-version":[{"id":1315,"href":"https:\/\/www.gfo.ch\/fr\/wp-json\/wp\/v2\/pages\/53\/revisions\/1315"}],"up":[{"embeddable":true,"href":"https:\/\/www.gfo.ch\/fr\/wp-json\/wp\/v2\/pages\/27"}],"wp:featuredmedia":[{"embeddable":true,"href":"https:\/\/www.gfo.ch\/fr\/wp-json\/wp\/v2\/media\/176"}],"wp:attachment":[{"href":"https:\/\/www.gfo.ch\/fr\/wp-json\/wp\/v2\/media?parent=53"}],"wp:term":[{"taxonomy":"post_tag","embeddable":true,"href":"https:\/\/www.gfo.ch\/fr\/wp-json\/wp\/v2\/tags?post=53"}],"curies":[{"name":"wp","href":"https:\/\/api.w.org\/{rel}","templated":true}]}}