{"id":6,"date":"2013-02-26T14:25:09","date_gmt":"2013-02-26T13:25:09","guid":{"rendered":"http:\/\/www.gfo.ch\/wp2016\/?page_id=6"},"modified":"2017-12-19T16:38:16","modified_gmt":"2017-12-19T15:38:16","slug":"home","status":"publish","type":"page","link":"https:\/\/www.gfo.ch\/fr\/","title":{"rendered":"Home"},"content":{"rendered":"Nous d\u00e9veloppons et r\u00e9alisons des concepts RH qui sont taill\u00e9s sur mesures et traduisent votre strat\u00e9gie ainsi que les pratiques d\u2019aujourd\u2019hui. Con\u00e7us pour les organisations de toutes les branches, nos concepts se basent sur un mod\u00e8le de comp\u00e9tences universel qui se pr\u00eate parfaitement \u00e0 une approche int\u00e9gr\u00e9e du Human Capital Management.<\/p>\n<p>Nous vous offrons des solutions \u00e9prouv\u00e9es en pratique et individualis\u00e9s dans les domaines suivants:<\/p>\n<ul>\n<li><a title=\"Human Capital Management\" href=\"http:\/\/www.gfo.ch\/fr\/beratungspalette\/human-capital-management\">Human Capital Management<\/a><\/li>\n<li><a title=\"Personalcontrolling\" href=\"http:\/\/www.gfo.ch\/fr\/beratungspalette\/human-capital-management\/personalcontrolling\">Human Capital Controlling<\/a><\/li>\n<li><a title=\"Human Capital Leadership-Modell\" href=\"http:\/\/www.gfo.ch\/fr\/beratungspalette\/human-capital-management\/human-capital-leadership-modell\">Gestion des risques RH<\/a><\/li>\n<li><a href=\"http:\/\/www.gfo.ch\/fr\/beratungspalette\/gehaltskonzept\/leistungsbeurteilung\">Gestion des comp\u00e9tences<\/a><\/li>\n<li><a href=\"http:\/\/www.gfo.ch\/fr\/beratungspalette\/gehaltskonzept\/erfolgsbeteiligung\">Participation aux r\u00e9sultats<\/a><\/li>\n<li><a href=\"http:\/\/www.gfo.ch\/fr\/beratungspalette\/human-capital-management\/personalrisiko-management\">Concepts de r\u00e9mun\u00e9ration<\/a><\/li>\n<li><a href=\"http:\/\/www.gfo.ch\/fr\/beratungspalette\/human-capital-management\/personalcontrolling\">Benchmarks \/ comparaisons salariales<\/a><\/li>\n<li><a href=\"http:\/\/www.gfo.ch\/fr\/beratungspalette\/human-capital-management\">Appr\u00e9ciation des prestations<\/a><\/li>\n<\/ul>","protected":false},"excerpt":{"rendered":"<p>Nous d\u00e9veloppons et r\u00e9alisons des concepts RH qui sont taill\u00e9s sur mesures et traduisent votre strat\u00e9gie ainsi que les pratiques d\u2019aujourd\u2019hui. Con\u00e7us pour les organisations de toutes les branches, nos concepts se basent sur un mod\u00e8le de comp\u00e9tences universel qui &hellip; <a class=\"mehr\">&rarr; mehr<\/a><\/p>\n","protected":false},"author":3,"featured_media":170,"parent":0,"menu_order":0,"comment_status":"open","ping_status":"closed","template":"page-no-title.php","meta":{"footnotes":""},"tags":[17,18,13,19],"acf":[],"_links":{"self":[{"href":"https:\/\/www.gfo.ch\/fr\/wp-json\/wp\/v2\/pages\/6"}],"collection":[{"href":"https:\/\/www.gfo.ch\/fr\/wp-json\/wp\/v2\/pages"}],"about":[{"href":"https:\/\/www.gfo.ch\/fr\/wp-json\/wp\/v2\/types\/page"}],"author":[{"embeddable":true,"href":"https:\/\/www.gfo.ch\/fr\/wp-json\/wp\/v2\/users\/3"}],"replies":[{"embeddable":true,"href":"https:\/\/www.gfo.ch\/fr\/wp-json\/wp\/v2\/comments?post=6"}],"version-history":[{"count":31,"href":"https:\/\/www.gfo.ch\/fr\/wp-json\/wp\/v2\/pages\/6\/revisions"}],"predecessor-version":[{"id":1545,"href":"https:\/\/www.gfo.ch\/fr\/wp-json\/wp\/v2\/pages\/6\/revisions\/1545"}],"wp:featuredmedia":[{"embeddable":true,"href":"https:\/\/www.gfo.ch\/fr\/wp-json\/wp\/v2\/media\/170"}],"wp:attachment":[{"href":"https:\/\/www.gfo.ch\/fr\/wp-json\/wp\/v2\/media?parent=6"}],"wp:term":[{"taxonomy":"post_tag","embeddable":true,"href":"https:\/\/www.gfo.ch\/fr\/wp-json\/wp\/v2\/tags?post=6"}],"curies":[{"name":"wp","href":"https:\/\/api.w.org\/{rel}","templated":true}]}}