{"id":69,"date":"2013-02-26T14:34:13","date_gmt":"2013-02-26T12:34:13","guid":{"rendered":"http:\/\/www.gfo.ch\/wp2016\/?page_id=69"},"modified":"2014-07-02T09:08:21","modified_gmt":"2014-07-02T07:08:21","slug":"lohnsteuerung","status":"publish","type":"page","link":"https:\/\/www.gfo.ch\/fr\/beratungspalette\/gehaltskonzept\/lohnsteuerung\/","title":{"rendered":"Pilotage des salaires"},"content":{"rendered":"<p><div class=\"blauerkasten\">\n<div id=\"kernkompetenz\">\n<h4><strong>Nos comp\u00e9tences cl\u00e9s<\/strong><\/h4>\n<p>Lorsque vos moyens financiers disponibles sont d\u00e9termin\u00e9s, vous pouvez, gr\u00e2ce \u00e0 un outil informatique (jusqu\u2019\u00e0 2&rsquo;000 personnes, une application Excel est suffisante) d\u00e9finir une matrice de pilotage des salaires, ainsi que d\u2019\u00e9ventuelles restrictions. <a href=\"http:\/\/www.gfo.ch\/fr\/software\/salarys\">SALARYS<\/a> calcule les augmentations salariales g\u00e9n\u00e9rales et individuelles, et ce jusqu\u2019au d\u00e9tail de chaque personne. Avec SALARYS, nous vous proposons une solution informatique performante et nous vous soutenons \u00e9galement dans la conception et la mise en \u0153uvre d\u2019un pilotage des salaires li\u00e9 \u00e0 la prestation.<\/p>\n<\/div>\n<\/div>\n<p><a href=\"http:\/\/www.gfo.ch\/wp2016\/wp-content\/uploads\/2013\/02\/transposition-en-bandes-salariales.jpg\" rel=\"lightbox[69]\"><img loading=\"lazy\" decoding=\"async\" class=\"alignleft size-thumbnail wp-image-1041\" title=\"transposition en bandes salariales\" alt=\"transposition en bandes salariales\" src=\"http:\/\/www.gfo.ch\/wp2016\/wp-content\/uploads\/2013\/02\/transposition-en-bandes-salariales-120x79.jpg\" width=\"120\" height=\"79\" srcset=\"https:\/\/gfo.ch\/wp-content\/uploads\/2013\/02\/transposition-en-bandes-salariales-120x79.jpg 120w, https:\/\/gfo.ch\/wp-content\/uploads\/2013\/02\/transposition-en-bandes-salariales-494x329.jpg 494w, https:\/\/gfo.ch\/wp-content\/uploads\/2013\/02\/transposition-en-bandes-salariales-150x99.jpg 150w, https:\/\/gfo.ch\/wp-content\/uploads\/2013\/02\/transposition-en-bandes-salariales.jpg 800w\" sizes=\"(max-width: 120px) 100vw, 120px\" \/><\/a>Les salaires des collaborateurs sont pilot\u00e9s \u00e0 int\u00e9rieur de la bande salariale de leur fonction, en tenant compte de leur position actuelle au sein de celle-ci, de l\u2019exp\u00e9rience individuelle, des prestations individuelles (appr\u00e9ciation globale), dans le cadre des moyens financiers disponibles.<\/p>\n<h4>Principe du pilotage mod\u00e9r\u00e9 des salaires<\/h4>\n<p>En dehors des adaptations g\u00e9n\u00e9rales li\u00e9es au rench\u00e9rissement, quatre facteurs sont d\u00e9terminants dans l\u2019adaptation des salaires.<\/p>\n<ul>\n<li>La situation actuelle dans la bande salariale<\/li>\n<li>L\u2019augmentation de l\u2019exp\u00e9rience utile<\/li>\n<li>La qualit\u00e9 des prestations individuelles<\/li>\n<li>Et pour les adaptations salariales dans leur ensemble, les moyens financiers mis \u00e0 disposition.<\/li>\n<\/ul>\n<p><a href=\"http:\/\/www.gfo.ch\/wp2016\/wp-content\/uploads\/2013\/02\/exemples-de-pilotage-dans-la-bande-salariale.jpg\" rel=\"lightbox[69]\"><img loading=\"lazy\" decoding=\"async\" class=\"alignleft size-thumbnail wp-image-1042\" title=\"exemples de pilotage dans la bande salariale\" alt=\"exemples de pilotage dans la bande salariale\" src=\"http:\/\/www.gfo.ch\/wp2016\/wp-content\/uploads\/2013\/02\/exemples-de-pilotage-dans-la-bande-salariale-120x79.jpg\" width=\"120\" height=\"79\" srcset=\"https:\/\/gfo.ch\/wp-content\/uploads\/2013\/02\/exemples-de-pilotage-dans-la-bande-salariale-120x79.jpg 120w, https:\/\/gfo.ch\/wp-content\/uploads\/2013\/02\/exemples-de-pilotage-dans-la-bande-salariale-494x329.jpg 494w, https:\/\/gfo.ch\/wp-content\/uploads\/2013\/02\/exemples-de-pilotage-dans-la-bande-salariale-150x99.jpg 150w, https:\/\/gfo.ch\/wp-content\/uploads\/2013\/02\/exemples-de-pilotage-dans-la-bande-salariale.jpg 800w\" sizes=\"(max-width: 120px) 100vw, 120px\" \/><\/a>Le niveau des prestations individuelles est le facteur le plus important dans l\u2019adaptation du salaire individuel. Dans le concept du pilotage mod\u00e9r\u00e9 des salaires, lorsque les moyens sont suffisants, l\u2019on peut observer 3 cas typiques.<\/p>\n<div class=\"clear\"><\/div>\n<h4>Collaborateur-trice A<\/h4>\n<p>Le r\u00e9sultat de l\u2019appr\u00e9ciation est de niveau B\u00a0; ce niveau d\u00e9finit \u00e9galement le salaire cible. Le salaire cible est clairement positionn\u00e9 au-dessus du salaire effectif. Le pilotage du salaire, en tenant compte des moyens disponibles, sera plus fort que la hausse th\u00e9orique li\u00e9e \u00e0 l\u2019exp\u00e9rience. Le nouveau salaire r\u00e9sultant, en raison du pilotage mod\u00e9r\u00e9 des salaires, n\u2019atteindra cependant pas (encore) la position du salaire cible.<\/p>\n<h4>Collaborateur-trice B<\/h4>\n<p>Le r\u00e9sulat de l\u2019appr\u00e9ciation est de niveau D. Comme le salaire cible est \u00e9galement de niveau D, il se positionne plus bas que le salaire effectif. L\u2019adaptation du salaire devrait th\u00e9oriquement \u00eatre n\u00e9gative. La politique salariale d\u00e9termine si un pilotage doit toutefois se faire n\u00e9gativement. Souvent, le pilotage du salaire se fait horizontalement, c&rsquo;est-\u00e0-dire que dans un cas comme celui-ci, il n\u2019y a pas d\u2019adaptation du salaire.<\/p>\n<h4>Collaborateur-trice C<\/h4>\n<p>L\u2019appr\u00e9ciation est de niveau C. Dans ce cas, et compte tenu de l\u2019augmentation de l\u2019exp\u00e9rience, le salaire cible corespond au salaire effectif. Si les moyens sont suffisants, le salaire augmente de mani\u00e8re parall\u00e8le \u00e0 la bande salariale. Dans cet exemple, le nouveau salaire r\u00e9sultant correspondra au salaire cible.<\/p>\n<p>L\u2019adaptation r\u00e9elle des salaires est toujours d\u00e9pendante des moyens financiers disponibles!<\/p>","protected":false},"excerpt":{"rendered":"<p>Nos comp\u00e9tences cl\u00e9s Lorsque vos moyens financiers disponibles sont d\u00e9termin\u00e9s, vous pouvez, gr\u00e2ce \u00e0 un outil informatique (jusqu\u2019\u00e0 2&rsquo;000 personnes, une application Excel est suffisante) d\u00e9finir une matrice de pilotage des salaires, ainsi que d\u2019\u00e9ventuelles restrictions. SALARYS calcule les augmentations &hellip; <a class=\"mehr\">&rarr; mehr<\/a><\/p>\n","protected":false},"author":3,"featured_media":176,"parent":29,"menu_order":4,"comment_status":"open","ping_status":"open","template":"","meta":{"footnotes":""},"tags":[],"acf":[],"_links":{"self":[{"href":"https:\/\/www.gfo.ch\/fr\/wp-json\/wp\/v2\/pages\/69"}],"collection":[{"href":"https:\/\/www.gfo.ch\/fr\/wp-json\/wp\/v2\/pages"}],"about":[{"href":"https:\/\/www.gfo.ch\/fr\/wp-json\/wp\/v2\/types\/page"}],"author":[{"embeddable":true,"href":"https:\/\/www.gfo.ch\/fr\/wp-json\/wp\/v2\/users\/3"}],"replies":[{"embeddable":true,"href":"https:\/\/www.gfo.ch\/fr\/wp-json\/wp\/v2\/comments?post=69"}],"version-history":[{"count":12,"href":"https:\/\/www.gfo.ch\/fr\/wp-json\/wp\/v2\/pages\/69\/revisions"}],"predecessor-version":[{"id":1321,"href":"https:\/\/www.gfo.ch\/fr\/wp-json\/wp\/v2\/pages\/69\/revisions\/1321"}],"up":[{"embeddable":true,"href":"https:\/\/www.gfo.ch\/fr\/wp-json\/wp\/v2\/pages\/29"}],"wp:featuredmedia":[{"embeddable":true,"href":"https:\/\/www.gfo.ch\/fr\/wp-json\/wp\/v2\/media\/176"}],"wp:attachment":[{"href":"https:\/\/www.gfo.ch\/fr\/wp-json\/wp\/v2\/media?parent=69"}],"wp:term":[{"taxonomy":"post_tag","embeddable":true,"href":"https:\/\/www.gfo.ch\/fr\/wp-json\/wp\/v2\/tags?post=69"}],"curies":[{"name":"wp","href":"https:\/\/api.w.org\/{rel}","templated":true}]}}