{"id":7,"date":"2013-02-26T14:25:22","date_gmt":"2013-02-26T12:25:22","guid":{"rendered":"http:\/\/www.gfo.ch\/wp2016\/?page_id=7"},"modified":"2015-05-11T22:42:20","modified_gmt":"2015-05-11T20:42:20","slug":"uber-uns","status":"publish","type":"page","link":"https:\/\/www.gfo.ch\/fr\/uber-uns\/","title":{"rendered":"Portrait"},"content":{"rendered":"<p>GFO Unternehmensberatung est une soci\u00e9t\u00e9 anonyme compos\u00e9e de 10 partenaires.<\/p>\n<p>Fond\u00e9e en 1996, notre entreprise est le prolongement de la fondation pour la recherche et le conseil de l\u2019institut de management BWI de l\u2019Ecole Polytechnique F\u00e9d\u00e9rale de Z\u00fcrich.<\/p>\n<p>Gr\u00e2ce au savoir-faire scientifique et \u00e0 la grande exp\u00e9rience de nos partenaires dans les ressources humaines, nous vous offrons, pour la mise en \u0153uvre de vos projets une combinaison optimale de comp\u00e9tences scientifiques et pratiques.<\/p>\n<p>Notre philosophie se fonde sur un concept universel et integr\u00e9 qui contribue \u00e0 la valeur ajout\u00e9e par une gestion durable des ressources humaines et qui apporte donc sa part au succ\u00e8s de l\u2019organisation.<\/p>","protected":false},"excerpt":{"rendered":"<p>GFO Unternehmensberatung est une soci\u00e9t\u00e9 anonyme compos\u00e9e de 10 partenaires. Fond\u00e9e en 1996, notre entreprise est le prolongement de la fondation pour la recherche et le conseil de l\u2019institut de management BWI de l\u2019Ecole Polytechnique F\u00e9d\u00e9rale de Z\u00fcrich. Gr\u00e2ce au &hellip; <a class=\"mehr\">&rarr; mehr<\/a><\/p>\n","protected":false},"author":3,"featured_media":170,"parent":0,"menu_order":1,"comment_status":"open","ping_status":"open","template":"","meta":{"footnotes":""},"tags":[],"acf":[],"_links":{"self":[{"href":"https:\/\/www.gfo.ch\/fr\/wp-json\/wp\/v2\/pages\/7"}],"collection":[{"href":"https:\/\/www.gfo.ch\/fr\/wp-json\/wp\/v2\/pages"}],"about":[{"href":"https:\/\/www.gfo.ch\/fr\/wp-json\/wp\/v2\/types\/page"}],"author":[{"embeddable":true,"href":"https:\/\/www.gfo.ch\/fr\/wp-json\/wp\/v2\/users\/3"}],"replies":[{"embeddable":true,"href":"https:\/\/www.gfo.ch\/fr\/wp-json\/wp\/v2\/comments?post=7"}],"version-history":[{"count":15,"href":"https:\/\/www.gfo.ch\/fr\/wp-json\/wp\/v2\/pages\/7\/revisions"}],"predecessor-version":[{"id":1078,"href":"https:\/\/www.gfo.ch\/fr\/wp-json\/wp\/v2\/pages\/7\/revisions\/1078"}],"wp:featuredmedia":[{"embeddable":true,"href":"https:\/\/www.gfo.ch\/fr\/wp-json\/wp\/v2\/media\/170"}],"wp:attachment":[{"href":"https:\/\/www.gfo.ch\/fr\/wp-json\/wp\/v2\/media?parent=7"}],"wp:term":[{"taxonomy":"post_tag","embeddable":true,"href":"https:\/\/www.gfo.ch\/fr\/wp-json\/wp\/v2\/tags?post=7"}],"curies":[{"name":"wp","href":"https:\/\/api.w.org\/{rel}","templated":true}]}}