{"id":79,"date":"2013-02-26T14:36:13","date_gmt":"2013-02-26T12:36:13","guid":{"rendered":"http:\/\/www.gfo.ch\/wp2016\/?page_id=79"},"modified":"2016-02-15T13:59:25","modified_gmt":"2016-02-15T12:59:25","slug":"human-capital-scorecard","status":"publish","type":"page","link":"https:\/\/www.gfo.ch\/fr\/beratungspalette\/human-capital-management\/human-capital-scorecard\/","title":{"rendered":"Dashboard"},"content":{"rendered":"<p><\/p>\n<h3>Vue d&rsquo;ensemble de votre capital humain<\/h3>\n<p>Le <strong>Dashboard<\/strong> r\u00e9sume les r\u00e9sultats pond\u00e9r\u00e9s des enqu\u00eates (<a href=\"http:\/\/www.gfo.ch\/fr\/beratungspalette\/human-capital-management\/personalcontrolling\">valeurs de r\u00e9f\u00e9rence, indicateurs et caract\u00e9ristiques)<\/a> pour chaque risque sous forme de <strong>graphique<\/strong>.<\/p>\n<p>Chaque \u00abcouleur \u00e0 risque\u00bb (rouge, jaune, vert) montre quel risque doit \u00eatre <strong>trait\u00e9 prioritairement<\/strong>\u00a0 et <strong>analys\u00e9 de mani\u00e8re approfondie<\/strong>. Chaque dimension mesurable (en particulier les indicateurs) livre des r\u00e9f\u00e9rences et des valeurs concr\u00e8tes pour une prise de mesures efficaces; ceci dans le but de r\u00e9duire le risque.<\/p>\n<p><a href=\"http:\/\/www.gfo.ch\/wp2016\/wp-content\/uploads\/2013\/02\/Dashboard_f.jpg\" rel=\"lightbox[79]\"><img loading=\"lazy\" decoding=\"async\" class=\"alignnone size-thumbnail wp-image-1490\" alt=\"Dashboard_f\" src=\"http:\/\/www.gfo.ch\/wp2016\/wp-content\/uploads\/2013\/02\/Dashboard_f-120x90.jpg\" width=\"120\" height=\"90\" srcset=\"https:\/\/gfo.ch\/wp-content\/uploads\/2013\/02\/Dashboard_f-120x90.jpg 120w, https:\/\/gfo.ch\/wp-content\/uploads\/2013\/02\/Dashboard_f-300x225.jpg 300w, https:\/\/gfo.ch\/wp-content\/uploads\/2013\/02\/Dashboard_f-800x600.jpg 800w, https:\/\/gfo.ch\/wp-content\/uploads\/2013\/02\/Dashboard_f-150x112.jpg 150w, https:\/\/gfo.ch\/wp-content\/uploads\/2013\/02\/Dashboard_f.jpg 960w\" sizes=\"(max-width: 120px) 100vw, 120px\" \/><\/a><\/p>","protected":false},"excerpt":{"rendered":"<p>Vue d&rsquo;ensemble de votre capital humain Le Dashboard r\u00e9sume les r\u00e9sultats pond\u00e9r\u00e9s des enqu\u00eates (valeurs de r\u00e9f\u00e9rence, indicateurs et caract\u00e9ristiques) pour chaque risque sous forme de graphique. Chaque \u00abcouleur \u00e0 risque\u00bb (rouge, jaune, vert) montre quel risque doit \u00eatre trait\u00e9 &hellip; <a class=\"mehr\">&rarr; mehr<\/a><\/p>\n","protected":false},"author":3,"featured_media":176,"parent":35,"menu_order":3,"comment_status":"open","ping_status":"open","template":"","meta":{"footnotes":""},"tags":[],"acf":[],"_links":{"self":[{"href":"https:\/\/www.gfo.ch\/fr\/wp-json\/wp\/v2\/pages\/79"}],"collection":[{"href":"https:\/\/www.gfo.ch\/fr\/wp-json\/wp\/v2\/pages"}],"about":[{"href":"https:\/\/www.gfo.ch\/fr\/wp-json\/wp\/v2\/types\/page"}],"author":[{"embeddable":true,"href":"https:\/\/www.gfo.ch\/fr\/wp-json\/wp\/v2\/users\/3"}],"replies":[{"embeddable":true,"href":"https:\/\/www.gfo.ch\/fr\/wp-json\/wp\/v2\/comments?post=79"}],"version-history":[{"count":32,"href":"https:\/\/www.gfo.ch\/fr\/wp-json\/wp\/v2\/pages\/79\/revisions"}],"predecessor-version":[{"id":1530,"href":"https:\/\/www.gfo.ch\/fr\/wp-json\/wp\/v2\/pages\/79\/revisions\/1530"}],"up":[{"embeddable":true,"href":"https:\/\/www.gfo.ch\/fr\/wp-json\/wp\/v2\/pages\/35"}],"wp:featuredmedia":[{"embeddable":true,"href":"https:\/\/www.gfo.ch\/fr\/wp-json\/wp\/v2\/media\/176"}],"wp:attachment":[{"href":"https:\/\/www.gfo.ch\/fr\/wp-json\/wp\/v2\/media?parent=79"}],"wp:term":[{"taxonomy":"post_tag","embeddable":true,"href":"https:\/\/www.gfo.ch\/fr\/wp-json\/wp\/v2\/tags?post=79"}],"curies":[{"name":"wp","href":"https:\/\/api.w.org\/{rel}","templated":true}]}}