{"id":89,"date":"2013-02-26T13:39:16","date_gmt":"2013-02-26T12:39:16","guid":{"rendered":"http:\/\/www.gfo.ch\/wp2016\/?page_id=89"},"modified":"2017-06-08T08:30:44","modified_gmt":"2017-06-08T06:30:44","slug":"thomas-heer","status":"publish","type":"page","link":"https:\/\/www.gfo.ch\/fr\/uber-uns\/team\/geschaftsleitung\/thomas-heer\/","title":{"rendered":"Thomas Heer"},"content":{"rendered":"<h2>DIRECTION<\/h2>\n<p><img loading=\"lazy\" decoding=\"async\" class=\"alignnone size-full wp-image-409\" src=\"http:\/\/www.gfo.ch\/wp2016\/wp-content\/uploads\/2013\/02\/thomas-heer.jpg\" alt=\"thomas-heer\" width=\"300\" height=\"200\" srcset=\"https:\/\/gfo.ch\/wp-content\/uploads\/2013\/02\/thomas-heer.jpg 300w, https:\/\/gfo.ch\/wp-content\/uploads\/2013\/02\/thomas-heer-140x93.jpg 140w\" sizes=\"(max-width: 300px) 100vw, 300px\" \/><\/p>\n<h3>THOMAS HEER, lic. iur., lic. oec. HSG<\/h3>\n<h4>Formation<\/h4>\n<ul>\n<li>Etudes de droit \u00e0 l\u2019Universit\u00e9 de Zurich (lic. iur.)<\/li>\n<li>Deuxi\u00e8me cursus en sciences \u00e9conomiques \u00e0 l\u2019Universit\u00e9 de St-Gall (lic. oec. HSG). Sp\u00e9cialisation en ressources humaines et conduite du personnel<\/li>\n<\/ul>\n<h4>Parcours professionnel<\/h4>\n<ul>\n<li>Consultant et collaborateur scientifique de l\u2019institut BWI de l\u2019\u00e9cole polytechnique f\u00e9d\u00e9rale de Zurich, dans les domaines de la gestion des ressources humaines, en management et organisation<\/li>\n<li>Consultant ind\u00e9pendant pour la soci\u00e9t\u00e9 GFO depuis 1995<\/li>\n<li>Membre de la direction de la soci\u00e9t\u00e9 GFO (1999 \u2013 2004)<\/li>\n<li>Pr\u00e9sident de la direction de la soci\u00e9t\u00e9 GFO depuis 2005<\/li>\n<\/ul>\n<div class=\"blauerkasten\">\n<h4>Domaines d\u2019expertise<\/h4>\n<ul>\n<li>Concepts de gestion et de syst\u00e8me de r\u00e9mun\u00e9ration<\/li>\n<li>Evaluation analytique des fonctions<\/li>\n<li>D\u00e9veloppement du personnel du management<\/li>\n<\/ul>\n<\/div>\n<h4>Engagements<\/h4>\n<ul>\n<li>Charg\u00e9 de cours dans diff\u00e9rentes hautes \u00e9coles sp\u00e9cialis\u00e9es et \u00e9coles sup\u00e9rieures sp\u00e9cialis\u00e9es dans le domaine de la gestion de la r\u00e9mun\u00e9ration<\/li>\n<\/ul>\n<h4>Contact<\/h4>\n<p><a href=\"mailto:t.heer@gfo.ch\">E-Mail<\/a> T\u00e9l. +41 44 365 99 22","protected":false},"excerpt":{"rendered":"<p>DIRECTION THOMAS HEER, lic. iur., lic. oec. HSG Formation Etudes de droit \u00e0 l\u2019Universit\u00e9 de Zurich (lic. iur.) Deuxi\u00e8me cursus en sciences \u00e9conomiques \u00e0 l\u2019Universit\u00e9 de St-Gall (lic. oec. HSG). Sp\u00e9cialisation en ressources humaines et conduite du personnel Parcours professionnel &hellip; <a class=\"mehr\">&rarr; mehr<\/a><\/p>\n","protected":false},"author":3,"featured_media":170,"parent":83,"menu_order":0,"comment_status":"open","ping_status":"open","template":"page-no-title.php","meta":{"footnotes":""},"tags":[],"acf":[],"_links":{"self":[{"href":"https:\/\/www.gfo.ch\/fr\/wp-json\/wp\/v2\/pages\/89"}],"collection":[{"href":"https:\/\/www.gfo.ch\/fr\/wp-json\/wp\/v2\/pages"}],"about":[{"href":"https:\/\/www.gfo.ch\/fr\/wp-json\/wp\/v2\/types\/page"}],"author":[{"embeddable":true,"href":"https:\/\/www.gfo.ch\/fr\/wp-json\/wp\/v2\/users\/3"}],"replies":[{"embeddable":true,"href":"https:\/\/www.gfo.ch\/fr\/wp-json\/wp\/v2\/comments?post=89"}],"version-history":[{"count":23,"href":"https:\/\/www.gfo.ch\/fr\/wp-json\/wp\/v2\/pages\/89\/revisions"}],"predecessor-version":[{"id":1688,"href":"https:\/\/www.gfo.ch\/fr\/wp-json\/wp\/v2\/pages\/89\/revisions\/1688"}],"up":[{"embeddable":true,"href":"https:\/\/www.gfo.ch\/fr\/wp-json\/wp\/v2\/pages\/83"}],"wp:featuredmedia":[{"embeddable":true,"href":"https:\/\/www.gfo.ch\/fr\/wp-json\/wp\/v2\/media\/170"}],"wp:attachment":[{"href":"https:\/\/www.gfo.ch\/fr\/wp-json\/wp\/v2\/media?parent=89"}],"wp:term":[{"taxonomy":"post_tag","embeddable":true,"href":"https:\/\/www.gfo.ch\/fr\/wp-json\/wp\/v2\/tags?post=89"}],"curies":[{"name":"wp","href":"https:\/\/api.w.org\/{rel}","templated":true}]}}