{"id":95,"date":"2013-02-26T13:40:11","date_gmt":"2013-02-26T12:40:11","guid":{"rendered":"http:\/\/www.gfo.ch\/wp2016\/?page_id=95"},"modified":"2017-06-08T08:32:51","modified_gmt":"2017-06-08T06:32:51","slug":"tatiana-daneschwar-roux","status":"publish","type":"page","link":"https:\/\/www.gfo.ch\/fr\/uber-uns\/team\/beratung\/tatiana-daneschwar-roux\/","title":{"rendered":"Tatiana Daneschwar Roux"},"content":{"rendered":"<h2>Conseil<\/h2>\n<p><img loading=\"lazy\" decoding=\"async\" src=\"http:\/\/www.gfo.ch\/wp2016\/wp-content\/uploads\/2013\/02\/tatiana-daneschwar-roux.jpg\" alt=\"tatiana-daneschwar-roux\" width=\"300\" height=\"200\" \/><\/p>\n<h3>TATIANA DANESCHWAR ROUX,<br \/>\nLicence en Lettres, Universit\u00e9 de Zurich<\/h3>\n<h4>Formation<\/h4>\n<ul>\n<li>Licenci\u00e9e en lettres, options gestion d\u2019entreprise (y.c. management des ressources humaines) et psycho-p\u00e9dagogie<\/li>\n<\/ul>\n<h4>Parcours professionnel<\/h4>\n<ul>\n<li>Product Manager dans une entreprise de taille nationale, leader du march\u00e9 de d\u00e9tail<\/li>\n<li>Directrice du centre de langues d\u2019une Haute Ecole Technique F\u00e9d\u00e9rale<\/li>\n<li>Chef de projet Ressources Humaines et conseill\u00e8re en d\u00e9veloppement et rel\u00e8ve dans une grande administration publique<\/li>\n<li>Conseill\u00e8re ind\u00e9pendante, soci\u00e9t\u00e9 <em>perspectives<\/em> depuis 2007<\/li>\n<li>Conseill\u00e8re ind\u00e9pendante pour la soci\u00e9t\u00e9 GFO depuis 2009<\/li>\n<\/ul>\n<div class=\"blauerkasten\">\n<h4>Domaines d&rsquo;expertise<\/h4>\n<ul>\n<li>Gestion des comp\u00e9tences, \u00e9valuation des fonctions<\/li>\n<li>D\u00e9veloppement professionnel\/anlayse du potentiel<\/li>\n<li>D\u00e9veloppement d\u2019\u00e9quipe<\/li>\n<li>Formation<\/li>\n<\/ul>\n<\/div>\n<p>Trilingue fran\u00e7ais \u2013 allemand \u2013 farsi<\/p>\n<h4>Contact<\/h4>\n<p><a href=\"mailto:t.daneschwar@gfo.ch\">E-Mail<\/a><\/p>\n<p>Mobile +41 79 756 13 10","protected":false},"excerpt":{"rendered":"<p>Conseil TATIANA DANESCHWAR ROUX, Licence en Lettres, Universit\u00e9 de Zurich Formation Licenci\u00e9e en lettres, options gestion d\u2019entreprise (y.c. management des ressources humaines) et psycho-p\u00e9dagogie Parcours professionnel Product Manager dans une entreprise de taille nationale, leader du march\u00e9 de d\u00e9tail Directrice &hellip; <a class=\"mehr\">&rarr; mehr<\/a><\/p>\n","protected":false},"author":3,"featured_media":170,"parent":85,"menu_order":2,"comment_status":"open","ping_status":"open","template":"page-no-title.php","meta":{"footnotes":""},"tags":[],"acf":[],"_links":{"self":[{"href":"https:\/\/www.gfo.ch\/fr\/wp-json\/wp\/v2\/pages\/95"}],"collection":[{"href":"https:\/\/www.gfo.ch\/fr\/wp-json\/wp\/v2\/pages"}],"about":[{"href":"https:\/\/www.gfo.ch\/fr\/wp-json\/wp\/v2\/types\/page"}],"author":[{"embeddable":true,"href":"https:\/\/www.gfo.ch\/fr\/wp-json\/wp\/v2\/users\/3"}],"replies":[{"embeddable":true,"href":"https:\/\/www.gfo.ch\/fr\/wp-json\/wp\/v2\/comments?post=95"}],"version-history":[{"count":20,"href":"https:\/\/www.gfo.ch\/fr\/wp-json\/wp\/v2\/pages\/95\/revisions"}],"predecessor-version":[{"id":1691,"href":"https:\/\/www.gfo.ch\/fr\/wp-json\/wp\/v2\/pages\/95\/revisions\/1691"}],"up":[{"embeddable":true,"href":"https:\/\/www.gfo.ch\/fr\/wp-json\/wp\/v2\/pages\/85"}],"wp:featuredmedia":[{"embeddable":true,"href":"https:\/\/www.gfo.ch\/fr\/wp-json\/wp\/v2\/media\/170"}],"wp:attachment":[{"href":"https:\/\/www.gfo.ch\/fr\/wp-json\/wp\/v2\/media?parent=95"}],"wp:term":[{"taxonomy":"post_tag","embeddable":true,"href":"https:\/\/www.gfo.ch\/fr\/wp-json\/wp\/v2\/tags?post=95"}],"curies":[{"name":"wp","href":"https:\/\/api.w.org\/{rel}","templated":true}]}}